{"id":1816,"date":"2019-07-09T17:13:33","date_gmt":"2019-07-09T17:13:33","guid":{"rendered":"https:\/\/sensexx.mx\/tienda\/?page_id=1816"},"modified":"2019-07-09T17:13:33","modified_gmt":"2019-07-09T17:13:33","slug":"aviso-de-privacidad","status":"publish","type":"page","link":"https:\/\/sensexx.mx\/tienda\/aviso-de-privacidad\/","title":{"rendered":"Aviso de Privacidad"},"content":{"rendered":"<p>De acuerdo a lo previsto en la&nbsp;<strong>\u201cLEY FEDERAL de Protecci\u00f3n de Datos\nPersonales Sensexx S.A de C.V. <\/strong>declara ser una empresa\nlegalmente constituida de conformidad con las leyes mexicanas, con domicilio\nubicado en: Av. Coahuila 82, San Agustin Atlapulco, Chimalhuac\u00e1n, Estado de\nM\u00e9xico; as\u00ed como manifestar ser la responsable del tratamiento de sus datos\npersonales.<\/p><p>Oficina de privacidad ubicada en: Mismo domicilio.<\/p><p>Tel\u00e9fonos de la oficina de privacidad: 55 58338887<\/p><p>Correo electr\u00f3nico:&nbsp;contacto@sensexx.mx<\/p><p><strong>DEFINICIONES:<\/strong><\/p><p><strong>Datos personales.-<\/strong>&nbsp;Cualquier informaci\u00f3n concerniente a una persona f\u00edsica identificada\no identificable.<\/p><p><strong>Titular.-<\/strong>&nbsp;La persona f\u00edsica (<strong>TITULAR<\/strong>)\na quien identifica o corresponden los datos personales.<\/p><p><strong>Responsable.-<\/strong>&nbsp;Persona f\u00edsica o moral de car\u00e1cter privado que decide sobre el\ntratamiento de los datos personales.<\/p><p><strong>Tratamiento.-<\/strong>&nbsp;La obtenci\u00f3n, uso (que incluye el acceso, manejo, aprovechamiento,\ntransferencia o disposici\u00f3n de datos personales), divulgaci\u00f3n o almacenamiento\nde datos personales por cualquier medio.<\/p><p><strong>Transferencia.-<\/strong>&nbsp;Toda comunicaci\u00f3n de datos realizada a persona distinta del responsable\no encargado del tratamiento.<\/p><p><strong>Derechos ARCO.-<\/strong>&nbsp;Derechos de acceso, rectificaci\u00f3n, cancelaci\u00f3n y oposici\u00f3n.<\/p><p><strong>Consentimiento T\u00e1cito.-<\/strong>&nbsp;Se entender\u00e1 que el titular ha consentido en el tratamiento de los\ndatos, cuando habi\u00e9ndose puesto a su disposici\u00f3n el Aviso de Privacidad, no\nmanifieste su oposici\u00f3n.<\/p><p><strong>FINALIDADES PRIMARIAS<\/strong>.- Los datos personales que recabamos de usted, los utilizaremos para\nlas siguientes finalidades que son necesarias para el servicio que solicita:<\/p><p>Fines econ\u00f3micos., Fines sociales, Fines de marketing.<\/p><p><strong>FORMAS DE RECABAR SUS DATOS PERSONALES.-<\/strong>&nbsp;Para las actividades se\u00f1aladas en el presente aviso de privacidad,\npodemos recabar sus datos personales de distintas formas cuando usted nos los\nproporciona directamente; cuando visita nuestro sitio de Internet o utiliza\nnuestros servicios en l\u00ednea, y cuando obtenemos informaci\u00f3n a trav\u00e9s de otras\nfuentes que est\u00e1n permitidas por la ley.<\/p><p><strong>DATOS PERSONALES QUE SE RECABAN DE FORMA\nDIRECTA:<\/strong><\/p><p>Recabamos sus datos personales de forma directa cuando\nusted mismo nos los proporciona por diversos medios.<\/p><p>Tales como:<\/p><ul class=\"wp-block-list\"><li>Correo electr\u00f3nico<\/li><li>Nombre completo<\/li><li>Genero<\/li><li>Edad<\/li><li>Tel\u00e9fono<\/li><li>Domicilio<\/li><li>Datos financieros<\/li><\/ul><p><strong>DATOS PERSONALES QUE RECABAMOS CUANDO VISITA\nNUESTRO SITIO DE INTERNET O UTILIZA NUESTROS SERVICIOS EN LINEA:<\/strong><\/p><p>Tales como:<\/p><ul class=\"wp-block-list\"><li>Correo electr\u00f3nico<\/li><li>Nombre completo<\/li><li>Genero<\/li><li>Edad<\/li><li>Tel\u00e9fono<\/li><li>Tel\u00e9fono m\u00f3vil<\/li><li>Domicilio<\/li><li>Datos financieros<\/li><\/ul><p><strong>DATOS PERSONALES QUE RECABAMOS A TRAV\u00c9S DE\nOTRAS FUENTES PERMITIDAS POR LA LEY:<\/strong><\/p><p>No recabamos sus datos personales de esta forma.&nbsp;<\/p><p><strong>USO DE DATOS SENSIBLES.-&nbsp;<\/strong>Se consideran datos sensibles aquellos afecten a la esfera m\u00e1s \u00edntima de\nsu titular, o cuya utilizaci\u00f3n indebida pueda dar origen a discriminaci\u00f3n o\nconlleve un riesgo grave para \u00e9ste.<\/p><p>En el presente aviso de privacidad se omite el uso de\ndatos personales considerados como sensibles.<\/p><p><strong>USO DE (SSL).-<\/strong>&nbsp;La seguridad y la confidencialidad de los datos que los usuarios\nproporcionen al contratar un servicio o comprar un producto en l\u00ednea estar\u00e1n\nprotegidos por un servidor seguro bajo el protocolo Secure Socket Layer (SSL),\nde tal forma que los datos enviados se transmitir\u00e1n encriptados para asegurar\nsu resguardo.<\/p><p>Para verificar que se encuentra en un entorno protegido\naseg\u00farese de que aparezca una S en la barra de navegaci\u00f3n.<\/p><p>Sin embargo y a pesar de contar cada d\u00eda con herramientas\nm\u00e1s seguras la protecci\u00f3n de los datos enviados a trav\u00e9s de internet no se\npuede garantizar al 100%, por lo que una vez recibidos se har\u00e1 todo lo posible\npara salvaguardar la informaci\u00f3n.<\/p><p><strong>LIMITACI\u00d3N O DIVULGACI\u00d3N DE SUS DATOS\nPERSONALES.-&nbsp;<\/strong>El responsable de la\ninformaci\u00f3n se compromete a realizar \u00fanicamente las siguientes acciones,\nrespecto a su informaci\u00f3n:<\/p><p>Envi\u00f3 de correo postal publicitario<\/p><p><strong>PROCEDIMIENTO PARA HACER VALER LOS DERECHOS\nARCO.-<\/strong>&nbsp;Usted tiene derecho de acceder a sus\ndatos personales que poseemos y a los detalles del tratamiento de los mismos,\nas\u00ed como a rectificarlos en caso de ser inexactos o incompletos; cancelarlos\ncuando considere que no se requieren para alguna de las finalidades se\u00f1alados\nen el presente aviso de privacidad, est\u00e9n siendo utilizados para finalidades no\nconsentidas o haya finalizado la relaci\u00f3n contractual o de servicio, o bien,\noponerse al tratamiento de los mismos para fines espec\u00edficos.<\/p><p>Los mecanismos que se han implementado para el ejercicio\nde dichos derechos, los cuales se conocen como derechos Arco mismos que se\nrefieren a la rectificaci\u00f3n, cancelaci\u00f3n y oposici\u00f3n del Titular respecto al\ntratamiento de sus datos personales;<\/p><p><strong>1)<\/strong>&nbsp;El\nprocedimiento inicia con la presentaci\u00f3n de la solicitud respectiva a los\nderechos Arco, en el domicilio de nuestra Oficina de Privacidad, mismo que fue\ndebidamente se\u00f1alado al principio del presente aviso de privacidad.<\/p><p><strong>2)<\/strong>&nbsp;Su\nsolicitud deber\u00e1 contener la siguiente informaci\u00f3n:<\/p><p>La descripci\u00f3n clara y precisa de los datos personales.<\/p><p><strong>3)<\/strong>&nbsp;El plazo\npara atender su solicitud es el siguiente: 4 d\u00edas .<\/p><p><strong>TRANSMISI\u00d3N DE SUS DATOS PERSONALES.-<\/strong>&nbsp;Sus datos personales no pueden ser transferidos dentro y fuera del\npa\u00eds , ni tratados por personas externas a esta empresa.<\/p><p>Nos comprometemos a no transferir su informaci\u00f3n personal\na terceros sin su consentimiento, salvo las excepciones previstas en el\nart\u00edculo 37 de la Ley Federal de Protecci\u00f3n de Datos Personales en Posesi\u00f3n de\nlos Particulares, as\u00ed como a realizar esta transferencia en los t\u00e9rminos que\nfija esa ley.<\/p><p><strong>MODIFICACIONES AL AVISO DE PRIVACIDAD.-<\/strong>&nbsp;Nos reservamos el derecho de efectuar en cualquier momento\nmodificaciones o actualizaciones al presente aviso de privacidad, para la\natenci\u00f3n de novedades legislativas, pol\u00edticas internas o nuevos requerimientos\npara la prestaci\u00f3n u ofrecimiento de nuestros servicios o productos.<\/p><p>Por lo que se obliga a mantener actualizado el presente\naviso, para su consulta. Esto con el fin de que<strong>&nbsp;\u201cEL TITULAR\u201d<\/strong>&nbsp;se encuentre en\nposibilidad de ejercer sus derechos ARCO y de esta forma mantenerlo al tanto de\ncualquier modificaci\u00f3n mediante aviso al \u00faltimo correo electr\u00f3nico que nos haya\nproporcionado.<\/p><p><strong>USO DE COOKIES.-<\/strong>&nbsp;En el presente aviso de privacidad se omitir\u00e1 el uso de cookies,\npara recabar informaci\u00f3n sobres usted.<\/p><p>Las partes expresan que el presente aviso, se regir\u00e1 por\nlas disposiciones legales aplicables en el Distrito Federal y Estado de M\u00e9xico\nen especial, por lo dispuesto en la Ley Federal de Protecci\u00f3n de Datos\nPersonales.<\/p><p>Si usted considera que su derecho de protecci\u00f3n de datos\npersonales ha sido lesionado por alguna conducta de nuestros empleados o de\nnuestras actuaciones o respuestas, presume que en el tratamiento de sus datos\npersonales existe alguna violaci\u00f3n a las disposiciones previstas en la Ley\nFederal de Protecci\u00f3n de Datos Personales en Posesi\u00f3n de los Particulares,\npodr\u00e1 interponer la queja o denuncia correspondiente ante el IFAI.<a href=\"http:\/\/erotika.com.mx\/blog\/aviso-de-privacidad\/\"><br>\n<\/a><\/p><p><strong>\u00bfPara qu\u00e9 ser\u00e1n usados sus\ndatos personales?<\/strong><\/p><p>Sus datos personales ser\u00e1n recabados con las\nsiguientes finalidades: conocer sus necesidades de productos o servicios y\nestar en posibilidad de ofrecerle los que m\u00e1s se adecuen a sus preferencias,\ninformarle sobre cambios o nuevos productos o servicios, que est\u00e9n relacionados\ncon el contratado o adquirido por Usted, dar cumplimiento a las obligaciones\ncontra\u00eddas con usted, evaluar la calidad en el servicio y comunicarle\npromociones<\/p><p><strong>\u00bfQu\u00e9 datos personales se le solicitar\u00e1n?<\/strong><\/p><p>Los datos que&nbsp;<strong>Sensexx\nS.A de C.V.<\/strong>&nbsp;le pide que proporcione son: Nombre, Sexo,\nEdad, Domicilio, N\u00fameros de Tel\u00e9fono (casa, oficina o celular), orientaci\u00f3n\nsexual (si desea compartirla) y correo electr\u00f3nico, los cuales podr\u00e1n ser\nrecabados de manera directa, cuando usted mismo nos los proporcione, o cuando\nvisite nuestro sitio de internet.<\/p><p><strong>Informaci\u00f3n en las Redes Sociales<\/strong><\/p><p>Las redes sociales (tales como Facebook\u00ae y Twitter\u00ae,\nentre otras) constituyen una plataforma de comunicaci\u00f3n y de interconexi\u00f3n\nentre plataformas digitales de los distintos usuarios estas son ajenas a&nbsp;<strong>Sensexx S.A de C.V.<\/strong>, la\ninformaci\u00f3n que Usted proporcione dentro de redes sociales en las que&nbsp;<strong>Sensexx S.A de C.V.<\/strong>&nbsp;participa\ncomo usuario, no constituye ni forma parte de los Datos Personales sujetos a la\nprotecci\u00f3n de este Aviso de Privacidad, siendo responsabilidad de la empresa\nprestadora de esa plataforma y de quien lo publica.<\/p><p><strong>Uso de Cookies<\/strong><\/p><p>Las cookies son archivos de texto que son descargados\nautom\u00e1ticamente de los sitios web que visita y almacenados en el disco duro de\nsu equipo, y que permiten al servidor de internet recordar algunos datos del\nusuario tales como sus preferencias para la visualizaci\u00f3n dichas paginas, as\u00ed\ncomo para rastrear determinados comportamientos o actividades llevadas a cabo\npor usted dentro de nuestro sitio. En algunas secciones de nuestro sitio\nrequerimos que el cliente tenga habilitados los cookies ya que algunas de las\nfuncionalidades requieren de \u00e9stas para trabajar.<\/p><p><strong>Limitaci\u00f3n de uso y divulgaci\u00f3n de la\ninformaci\u00f3n<\/strong><\/p><p>Usted puede dejar de recibir correos electr\u00f3nicos con\nnuestras promociones, solicit\u00e1ndolo al correo electr\u00f3nico&nbsp;contacto@sensexx.mx&nbsp;. En el caso de empleo de cookies, el\nbot\u00f3n de \u201cayuda\u201d que se encuentra en la barra de herramientas de la mayor\u00eda de los\nnavegadores, le dir\u00e1 c\u00f3mo evitar aceptar nuevos cookies, c\u00f3mo hacer que el\nnavegador le notifique cuando recibe un nuevo cookie o c\u00f3mo deshabilitar todos\nlos cookies.<\/p><p><strong>Seguridad<\/strong><\/p><p><strong>Sensexx S.A de C.V.<\/strong>&nbsp;&nbsp;se compromete a que la informaci\u00f3n proporcionada por usted\nser\u00e1 tratada de conformidad con la Ley Federal de Protecci\u00f3n de Datos\nPersonales en Posesi\u00f3n de los Particulares y su Reglamento. La confidencialidad\nde los Datos est\u00e1 garantizada y los mismos est\u00e1n protegidos por medidas de\nseguridad administrativas, t\u00e9cnicas y f\u00edsicas, para evitar su da\u00f1o, p\u00e9rdida,\nalteraci\u00f3n, destrucci\u00f3n, uso, acceso o divulgaci\u00f3n indebida.<\/p><p>Al momento de realizar transacciones en nuestra tienda en\nl\u00ednea, se utilizan&nbsp;candados de seguridad SSL (Secure Socket Layer) para\ngarantizar la seguridad de sus datos.<\/p><p>Modificaciones al Aviso de Privacidad<\/p><p><strong>Sensexx S.A de C.V.<\/strong>&nbsp;&nbsp;se reserva el derecho de efectuar, en cualquier momento\nmodificaciones o actualizaciones al presente Aviso de Privacidad; las cuales\nser\u00e1n publicadas en la p\u00e1gina de internet www.sensexx.com.mx <\/p><p><strong>T\u00e9rminos y Condiciones<\/strong><\/p><p>Este aviso de privacidad est\u00e1 sujeto a los t\u00e9rminos y\ncondiciones del sitio web de&nbsp;<strong>Sensexx\nS.A de C.V.<\/strong>&nbsp;Si el usuario utiliza los servicios de nuestro\nsitio, significa que ha le\u00eddo, entendido y acordado los t\u00e9rminos antes\nexpuestos. Si no est\u00e1 de acuerdo con ellos, el usuario no deber\u00e1 proporcionar\nninguna informaci\u00f3n personal, ni utilizar nuestros servicios<\/p>","protected":false},"excerpt":{"rendered":"<p>De acuerdo a lo previsto en la&nbsp;\u201cLEY FEDERAL de Protecci\u00f3n de Datos Personales Sensexx S.A de C.V. declara ser una empresa legalmente constituida de conformidad con las leyes mexicanas, con domicilio ubicado en: Av. Coahuila 82, San Agustin Atlapulco, Chimalhuac\u00e1n, Estado de M\u00e9xico; as\u00ed como manifestar ser la responsable del tratamiento de sus datos personales. [&hellip;]<\/p>\n","protected":false},"author":2,"featured_media":0,"parent":0,"menu_order":0,"comment_status":"closed","ping_status":"closed","template":"","meta":{"footnotes":""},"class_list":["post-1816","page","type-page","status-publish","hentry"],"yoast_head":"<!-- This site is optimized with the Yoast SEO plugin v25.0 - https:\/\/yoast.com\/wordpress\/plugins\/seo\/ -->\n<title>Aviso de Privacidad - Sensexx<\/title>\n<meta name=\"robots\" content=\"index, follow, max-snippet:-1, max-image-preview:large, max-video-preview:-1\" \/>\n<link rel=\"canonical\" href=\"https:\/\/sensexx.mx\/tienda\/aviso-de-privacidad\/\" \/>\n<meta property=\"og:locale\" content=\"es_ES\" \/>\n<meta property=\"og:type\" content=\"article\" \/>\n<meta property=\"og:title\" content=\"Aviso de Privacidad - Sensexx\" \/>\n<meta property=\"og:description\" content=\"De acuerdo a lo previsto en la&nbsp;\u201cLEY FEDERAL de Protecci\u00f3n de Datos Personales Sensexx S.A de C.V. declara ser una empresa legalmente constituida de conformidad con las leyes mexicanas, con domicilio ubicado en: Av. Coahuila 82, San Agustin Atlapulco, Chimalhuac\u00e1n, Estado de M\u00e9xico; as\u00ed como manifestar ser la responsable del tratamiento de sus datos personales. [&hellip;]\" \/>\n<meta property=\"og:url\" content=\"https:\/\/sensexx.mx\/tienda\/aviso-de-privacidad\/\" \/>\n<meta property=\"og:site_name\" content=\"Sensexx\" \/>\n<meta name=\"twitter:card\" content=\"summary_large_image\" \/>\n<meta name=\"twitter:label1\" content=\"Tiempo de lectura\" \/>\n\t<meta name=\"twitter:data1\" content=\"9 minutos\" \/>\n<script type=\"application\/ld+json\" class=\"yoast-schema-graph\">{\"@context\":\"https:\/\/schema.org\",\"@graph\":[{\"@type\":\"WebPage\",\"@id\":\"https:\/\/sensexx.mx\/tienda\/aviso-de-privacidad\/\",\"url\":\"https:\/\/sensexx.mx\/tienda\/aviso-de-privacidad\/\",\"name\":\"Aviso de Privacidad - Sensexx\",\"isPartOf\":{\"@id\":\"https:\/\/sensexx.mx\/tienda\/#website\"},\"datePublished\":\"2019-07-09T17:13:33+00:00\",\"breadcrumb\":{\"@id\":\"https:\/\/sensexx.mx\/tienda\/aviso-de-privacidad\/#breadcrumb\"},\"inLanguage\":\"es\",\"potentialAction\":[{\"@type\":\"ReadAction\",\"target\":[\"https:\/\/sensexx.mx\/tienda\/aviso-de-privacidad\/\"]}]},{\"@type\":\"BreadcrumbList\",\"@id\":\"https:\/\/sensexx.mx\/tienda\/aviso-de-privacidad\/#breadcrumb\",\"itemListElement\":[{\"@type\":\"ListItem\",\"position\":1,\"name\":\"Portada\",\"item\":\"https:\/\/sensexx.mx\/tienda\/\"},{\"@type\":\"ListItem\",\"position\":2,\"name\":\"Aviso de Privacidad\"}]},{\"@type\":\"WebSite\",\"@id\":\"https:\/\/sensexx.mx\/tienda\/#website\",\"url\":\"https:\/\/sensexx.mx\/tienda\/\",\"name\":\"Sensexx\",\"description\":\"Importadora y Distribuidora \",\"publisher\":{\"@id\":\"https:\/\/sensexx.mx\/tienda\/#organization\"},\"potentialAction\":[{\"@type\":\"SearchAction\",\"target\":{\"@type\":\"EntryPoint\",\"urlTemplate\":\"https:\/\/sensexx.mx\/tienda\/?s={search_term_string}\"},\"query-input\":{\"@type\":\"PropertyValueSpecification\",\"valueRequired\":true,\"valueName\":\"search_term_string\"}}],\"inLanguage\":\"es\"},{\"@type\":\"Organization\",\"@id\":\"https:\/\/sensexx.mx\/tienda\/#organization\",\"name\":\"Sensexx\",\"url\":\"https:\/\/sensexx.mx\/tienda\/\",\"logo\":{\"@type\":\"ImageObject\",\"inLanguage\":\"es\",\"@id\":\"https:\/\/sensexx.mx\/tienda\/#\/schema\/logo\/image\/\",\"url\":\"https:\/\/sensexx.mx\/tienda\/wp-content\/uploads\/2019\/06\/Logotipo-oficial.png\",\"contentUrl\":\"https:\/\/sensexx.mx\/tienda\/wp-content\/uploads\/2019\/06\/Logotipo-oficial.png\",\"width\":3386,\"height\":1741,\"caption\":\"Sensexx\"},\"image\":{\"@id\":\"https:\/\/sensexx.mx\/tienda\/#\/schema\/logo\/image\/\"}}]}<\/script>\n<!-- \/ Yoast SEO plugin. -->","yoast_head_json":{"title":"Aviso de Privacidad - Sensexx","robots":{"index":"index","follow":"follow","max-snippet":"max-snippet:-1","max-image-preview":"max-image-preview:large","max-video-preview":"max-video-preview:-1"},"canonical":"https:\/\/sensexx.mx\/tienda\/aviso-de-privacidad\/","og_locale":"es_ES","og_type":"article","og_title":"Aviso de Privacidad - Sensexx","og_description":"De acuerdo a lo previsto en la&nbsp;\u201cLEY FEDERAL de Protecci\u00f3n de Datos Personales Sensexx S.A de C.V. declara ser una empresa legalmente constituida de conformidad con las leyes mexicanas, con domicilio ubicado en: Av. Coahuila 82, San Agustin Atlapulco, Chimalhuac\u00e1n, Estado de M\u00e9xico; as\u00ed como manifestar ser la responsable del tratamiento de sus datos personales. [&hellip;]","og_url":"https:\/\/sensexx.mx\/tienda\/aviso-de-privacidad\/","og_site_name":"Sensexx","twitter_card":"summary_large_image","twitter_misc":{"Tiempo de lectura":"9 minutos"},"schema":{"@context":"https:\/\/schema.org","@graph":[{"@type":"WebPage","@id":"https:\/\/sensexx.mx\/tienda\/aviso-de-privacidad\/","url":"https:\/\/sensexx.mx\/tienda\/aviso-de-privacidad\/","name":"Aviso de Privacidad - Sensexx","isPartOf":{"@id":"https:\/\/sensexx.mx\/tienda\/#website"},"datePublished":"2019-07-09T17:13:33+00:00","breadcrumb":{"@id":"https:\/\/sensexx.mx\/tienda\/aviso-de-privacidad\/#breadcrumb"},"inLanguage":"es","potentialAction":[{"@type":"ReadAction","target":["https:\/\/sensexx.mx\/tienda\/aviso-de-privacidad\/"]}]},{"@type":"BreadcrumbList","@id":"https:\/\/sensexx.mx\/tienda\/aviso-de-privacidad\/#breadcrumb","itemListElement":[{"@type":"ListItem","position":1,"name":"Portada","item":"https:\/\/sensexx.mx\/tienda\/"},{"@type":"ListItem","position":2,"name":"Aviso de Privacidad"}]},{"@type":"WebSite","@id":"https:\/\/sensexx.mx\/tienda\/#website","url":"https:\/\/sensexx.mx\/tienda\/","name":"Sensexx","description":"Importadora y Distribuidora ","publisher":{"@id":"https:\/\/sensexx.mx\/tienda\/#organization"},"potentialAction":[{"@type":"SearchAction","target":{"@type":"EntryPoint","urlTemplate":"https:\/\/sensexx.mx\/tienda\/?s={search_term_string}"},"query-input":{"@type":"PropertyValueSpecification","valueRequired":true,"valueName":"search_term_string"}}],"inLanguage":"es"},{"@type":"Organization","@id":"https:\/\/sensexx.mx\/tienda\/#organization","name":"Sensexx","url":"https:\/\/sensexx.mx\/tienda\/","logo":{"@type":"ImageObject","inLanguage":"es","@id":"https:\/\/sensexx.mx\/tienda\/#\/schema\/logo\/image\/","url":"https:\/\/sensexx.mx\/tienda\/wp-content\/uploads\/2019\/06\/Logotipo-oficial.png","contentUrl":"https:\/\/sensexx.mx\/tienda\/wp-content\/uploads\/2019\/06\/Logotipo-oficial.png","width":3386,"height":1741,"caption":"Sensexx"},"image":{"@id":"https:\/\/sensexx.mx\/tienda\/#\/schema\/logo\/image\/"}}]}},"jetpack_sharing_enabled":true,"_links":{"self":[{"href":"https:\/\/sensexx.mx\/tienda\/wp-json\/wp\/v2\/pages\/1816","targetHints":{"allow":["GET"]}}],"collection":[{"href":"https:\/\/sensexx.mx\/tienda\/wp-json\/wp\/v2\/pages"}],"about":[{"href":"https:\/\/sensexx.mx\/tienda\/wp-json\/wp\/v2\/types\/page"}],"author":[{"embeddable":true,"href":"https:\/\/sensexx.mx\/tienda\/wp-json\/wp\/v2\/users\/2"}],"replies":[{"embeddable":true,"href":"https:\/\/sensexx.mx\/tienda\/wp-json\/wp\/v2\/comments?post=1816"}],"version-history":[{"count":1,"href":"https:\/\/sensexx.mx\/tienda\/wp-json\/wp\/v2\/pages\/1816\/revisions"}],"predecessor-version":[{"id":1817,"href":"https:\/\/sensexx.mx\/tienda\/wp-json\/wp\/v2\/pages\/1816\/revisions\/1817"}],"wp:attachment":[{"href":"https:\/\/sensexx.mx\/tienda\/wp-json\/wp\/v2\/media?parent=1816"}],"curies":[{"name":"wp","href":"https:\/\/api.w.org\/{rel}","templated":true}]}}