{"id":3,"date":"2019-05-19T21:15:10","date_gmt":"2019-05-19T21:15:10","guid":{"rendered":"http:\/\/sensexx.mx\/tienda\/?page_id=3"},"modified":"2019-07-09T17:16:00","modified_gmt":"2019-07-09T17:16:00","slug":"privacy-policy","status":"publish","type":"page","link":"https:\/\/sensexx.mx\/tienda\/privacy-policy\/","title":{"rendered":"T\u00e9rminos y Condiciones"},"content":{"rendered":"<p>Primera. Del Portal y sus Titulares. Gracias por acceder al sitio de Internet www.sensexx.com.mx Por acceder, navegar y\/o usar el Portal usted (el \u201cUsuario\u201d) reconoce que ha le\u00eddo, entendido en su totalidad y aceptado incondicionalmente sujetarse a los siguientes T\u00e9rminos y Condiciones de Uso y Contrataci\u00f3n (los \u201cT\u00e9rminos de Uso\u201d), los cuales tienen el car\u00e1cter de vinculantes para el Usuario desde el momento de acceder, navegar y\/o usar el Portal. En caso de que el Usuario no se encuentre conforme con los T\u00e9rminos de Uso, deber\u00e1 abstenerse de usar o acceder al Sitio y abandonarlo de forma inmediata.<\/p><p>Segunda. Registro. Sensexx S.A de C.V. a su entera discreci\u00f3n podr\u00e1 establecer en el Portal zonas privadas o de acceso restringido, las cuales ser\u00e1n accesibles \u00fanica y exclusivamente por las personas que  Sensexx S.A de C.V  determine a su entera discreci\u00f3n, incluyendo zonas denominadas como de \u201cusuarios registrados\u201d, en las cuales se permitir\u00e1 el acceso y navegaci\u00f3n al Usuario siempre que convengan en registrarse en el Portal y proporcionar a  Sensexx S.A de C.V  cierta informaci\u00f3n y datos personales (los \u201cDatos Personales\u201d). Para conocer los t\u00e9rminos bajo los cuales  Sensexx S.A de C.V  conservar\u00e1 y utilizar\u00e1 dichos datos y cualquier otro que el Usuario proporcione, lo conminamos a revisar nuestro Aviso de Privacidad.<\/p><p>A efecto de llevar a cabo su registro, el Usuario deber\u00e1 llenar electr\u00f3nicamente el formulario de inscripci\u00f3n que indique  Sensexx S.A de C.V  en todos sus campos con datos v\u00e1lidos. El Usuario deber\u00e1 completarlo con sus Datos Personales que sean en todo momento exactos, precisos y verdaderos y se obliga a actualizarlos conforme ello resulte necesario y asume el compromiso de actualizar los Datos Personales conforme resulte necesario. El Usuario garantiza y responde por la veracidad, exactitud, vigencia y autenticidad de los Datos Personales ingresados.  Sensexx S.A de C.V  estar\u00e1 autorizado, mas no obligado, a verificar lo anterior y para dichos efectos solicitar al Usuario la entrega de documentaci\u00f3n o evidencia f\u00edsica de sus Datos Personales.<\/p><p>El Usuario podr\u00e1 acceder a su cuenta personal (\u201cCuenta\u201d) y modificarla, actualizarla y\/o cancelarla, a trav\u00e9s de su direcci\u00f3n de correo electr\u00f3nico registrada o alg\u00fan nombre de usuario, seg\u00fan lo determine  Sensexx S.A de C.V  a su entera discreci\u00f3n, y una clave de seguridad (\u201cPassword\u201d). El Usuario se obliga a mantener como confidenciales dichos datos y reconoce que la secrec\u00eda y salvaguarda de las mismas, excepto por violaciones a la seguridad del Portal, competen \u00fanica y exclusivamente al Usuario.<\/p><p>Asimismo, el Usuario conviene en que la Cuenta ser\u00e1 utilizada \u00fanica y exclusivamente para su uso personal y por tanto no ser\u00e1 cedible o transferible, total o parcialmente en cualquiera de sus elementos, ni deber\u00e1 permitirse su uso compartido por parte de cualquier tercero, no obstante lo cual, en caso de que lo anterior ocurra, no liberar\u00e1 al Usuario de cualquier mal uso que se d\u00e9 a sus Datos Personales o al Portal, incluyendo cualquier da\u00f1o al mismo. Igualmente el Usuario conviene que podr\u00e1 abrir \u00fanica y exclusivamente una sola Cuenta, por lo que acepta que en caso que sus Datos Personales, coincidan sustancialmente con los datos correspondientes a otra Cuenta,  Sensexx S.A de C.V tendr\u00e1 el derecho de suspender o cancelar ambas Cuentas sin responsabilidad alguna.<\/p><p>En caso de que el Usuario detecte que cualquier tercero ha obtenido acceso a su Cuenta o conoce el Password, el Usuario se obliga a informar dicha situaci\u00f3n de manera inmediata a  Sensexx S.A de C.V , quien podr\u00e1 adoptar las medidas que considere necesarios.<\/p><p> Sensexx S.A de C.V se reserva el derecho de rechazar o denegar cualquier solicitud de registro, sin que est\u00e9 obligada a comunicar o exponer las razones de su decisi\u00f3n y sin que ello genere alg\u00fan derecho a indemnizaci\u00f3n o resarcimiento.<\/p><p>Tercera. No Garant\u00edas de Acceso.  Sensexx S.A de C.V  no se responsabiliza ni garantiza el uso correcto del Portal, ni que el mismo se encuentre disponible de manera ininterrumpida, en virtud de lo cual, cualquier falla o interrupci\u00f3n en el mismo y\/o los da\u00f1os que el Usuario o cualquier tercero pudiese sufrir como consecuencia de ello, no ser\u00e1 responsabilidad de  Sensexx S.A de C.V . No obstante lo anterior, el Usuario libera expresa e irrevocablemente a  Sensexx S.A de C.V  de cualquier responsabilidad en que pudiese incurrir bajo la ley aplicable en relaci\u00f3n con lo anterior y renuncia a cualesquiera acciones que tuviera al respecto.  Sensexx S.A de C.V  no garantiza que el Portal est\u00e9 libre de errores, virus e interrupciones.<\/p><p>Cuarta. Servicios y Productos. A trav\u00e9s del Portal se comercializar\u00e1n art\u00edculos relacionados con el cuidado personal, belleza, cosm\u00e9ticos y estilo de vida (los \u201cProductos\u201d). Los Productos son fabricados por terceros ajenos a  Sensexx S.A de C.V, en virtud de lo cual cualquier responsabilidad relacionada con los mismos corresponder\u00e1 a dichos fabricantes conforme la legislaci\u00f3n aplicable. Igualmente, de manera eventual a comercializar servicios.<\/p><p>Quinta. Privacidad de Informaci\u00f3n. El uso de y las salvaguardas aplicables a los Datos Personales y cualquier otra informaci\u00f3n que eventualmente sea proporcionada por el Usuario a  Sensexx S.A de C.V a trav\u00e9s del Portal o por cualquier otra v\u00eda pero en relaci\u00f3n al Portal y\/o a los Productos, se regir\u00e1n por lo establecido en el Aviso de Privacidad de  Sensexx S.A de C.V .<\/p><p>Sexta. Modificaciones.  Sensexx S.A de C.V  se reserva el derecho de sin responsabilidad, modificar, adicionar o suprimir total o parcialmente estos T\u00e9rminos de Uso en cualquier momento y sin necesidad de notificaci\u00f3n previa al Usuario.<\/p><p> Al ser una empresa mayorista  Sensexx S.A de C.V , los t\u00e9rminos y condiciones para clientes mayoristas expuestos con su ejecutivo de ventas pactados previos a la compra,  se deber\u00e1n respetar independientemente a este tratado que es para uso de www.sensexx.com.mx.<\/p><p>POLITICA DE DEVOLUCIONES<\/p><p> Sensexx S.A de C.V  est\u00e1 obligado a cumplir con las devoluciones siempre y cuando se cumplan las siguientes caracter\u00edsticas.<\/p><ul class=\"wp-block-list\"><li>Si por alguna raz\u00f3n un producto que requiera pilas o sea recargable no funciona, tienes 3 d\u00edas h\u00e1biles para notificarlo. Conserva las etiquetas, facturas, el empaque original y devuelve el producto en perfecto estado. No maltrates el producto, pru\u00e9balo en superficies limpias y aseg\u00farate de no causarle da\u00f1os. Es muy importante que tomes en cuenta estas recomendaciones, ya que si el producto presenta se\u00f1ales de uso o maltrato la devoluci\u00f3n no proceder\u00e1 y el producto te ser\u00e1 re-enviado.<\/li><\/ul><p>Por razones de higiene, Sensexx S.A de C.V. no aceptar\u00e1 la devoluci\u00f3n de estos productos:<\/p><ul class=\"wp-block-list\"><li>Mastubadores masculinos (En caso que tenga como complemento un vibrador adaptable como bala vibradora y esta no funcione, se reemplazar\u00e1)<\/li><li>Lencer\u00eda<\/li><li>Dildos<\/li><li>Perfumes, lociones, cremas \u00edntimas* o fragancias.<\/li><li>Suplementos alimenticios<\/li><\/ul><p>*Se considera cremas \u00edntimas a los productos que sean, cremas para genitales, sprays retardantes, cremas anales, cremas estrechadoras, lubricantes, aceites para masaje, desensibilizadores, intensificadores y dem\u00e1s productos de uso \u00edntimo.<\/p><p><\/p>","protected":false},"excerpt":{"rendered":"<p>Primera. Del Portal y sus Titulares. Gracias por acceder al sitio de Internet www.sensexx.com.mx Por acceder, navegar y\/o usar el Portal usted (el \u201cUsuario\u201d) reconoce que ha le\u00eddo, entendido en su totalidad y aceptado incondicionalmente sujetarse a los siguientes T\u00e9rminos y Condiciones de Uso y Contrataci\u00f3n (los \u201cT\u00e9rminos de Uso\u201d), los cuales tienen el car\u00e1cter [&hellip;]<\/p>\n","protected":false},"author":1,"featured_media":0,"parent":0,"menu_order":0,"comment_status":"closed","ping_status":"open","template":"","meta":{"footnotes":""},"class_list":["post-3","page","type-page","status-publish","hentry"],"yoast_head":"<!-- This site is optimized with the Yoast SEO plugin v25.0 - https:\/\/yoast.com\/wordpress\/plugins\/seo\/ -->\n<title>T\u00e9rminos y Condiciones - Sensexx<\/title>\n<meta name=\"robots\" content=\"index, follow, max-snippet:-1, max-image-preview:large, max-video-preview:-1\" \/>\n<link rel=\"canonical\" href=\"https:\/\/sensexx.mx\/tienda\/privacy-policy\/\" \/>\n<meta property=\"og:locale\" content=\"es_ES\" \/>\n<meta property=\"og:type\" content=\"article\" \/>\n<meta property=\"og:title\" content=\"T\u00e9rminos y Condiciones - Sensexx\" \/>\n<meta property=\"og:description\" content=\"Primera. Del Portal y sus Titulares. Gracias por acceder al sitio de Internet www.sensexx.com.mx Por acceder, navegar y\/o usar el Portal usted (el \u201cUsuario\u201d) reconoce que ha le\u00eddo, entendido en su totalidad y aceptado incondicionalmente sujetarse a los siguientes T\u00e9rminos y Condiciones de Uso y Contrataci\u00f3n (los \u201cT\u00e9rminos de Uso\u201d), los cuales tienen el car\u00e1cter [&hellip;]\" \/>\n<meta property=\"og:url\" content=\"https:\/\/sensexx.mx\/tienda\/privacy-policy\/\" \/>\n<meta property=\"og:site_name\" content=\"Sensexx\" \/>\n<meta property=\"article:modified_time\" content=\"2019-07-09T17:16:00+00:00\" \/>\n<meta name=\"twitter:card\" content=\"summary_large_image\" \/>\n<meta name=\"twitter:label1\" content=\"Tiempo de lectura\" \/>\n\t<meta name=\"twitter:data1\" content=\"6 minutos\" \/>\n<script type=\"application\/ld+json\" class=\"yoast-schema-graph\">{\"@context\":\"https:\/\/schema.org\",\"@graph\":[{\"@type\":\"WebPage\",\"@id\":\"https:\/\/sensexx.mx\/tienda\/privacy-policy\/\",\"url\":\"https:\/\/sensexx.mx\/tienda\/privacy-policy\/\",\"name\":\"T\u00e9rminos y Condiciones - Sensexx\",\"isPartOf\":{\"@id\":\"https:\/\/sensexx.mx\/tienda\/#website\"},\"datePublished\":\"2019-05-19T21:15:10+00:00\",\"dateModified\":\"2019-07-09T17:16:00+00:00\",\"breadcrumb\":{\"@id\":\"https:\/\/sensexx.mx\/tienda\/privacy-policy\/#breadcrumb\"},\"inLanguage\":\"es\",\"potentialAction\":[{\"@type\":\"ReadAction\",\"target\":[\"https:\/\/sensexx.mx\/tienda\/privacy-policy\/\"]}]},{\"@type\":\"BreadcrumbList\",\"@id\":\"https:\/\/sensexx.mx\/tienda\/privacy-policy\/#breadcrumb\",\"itemListElement\":[{\"@type\":\"ListItem\",\"position\":1,\"name\":\"Portada\",\"item\":\"https:\/\/sensexx.mx\/tienda\/\"},{\"@type\":\"ListItem\",\"position\":2,\"name\":\"T\u00e9rminos y Condiciones\"}]},{\"@type\":\"WebSite\",\"@id\":\"https:\/\/sensexx.mx\/tienda\/#website\",\"url\":\"https:\/\/sensexx.mx\/tienda\/\",\"name\":\"Sensexx\",\"description\":\"Importadora y Distribuidora \",\"publisher\":{\"@id\":\"https:\/\/sensexx.mx\/tienda\/#organization\"},\"potentialAction\":[{\"@type\":\"SearchAction\",\"target\":{\"@type\":\"EntryPoint\",\"urlTemplate\":\"https:\/\/sensexx.mx\/tienda\/?s={search_term_string}\"},\"query-input\":{\"@type\":\"PropertyValueSpecification\",\"valueRequired\":true,\"valueName\":\"search_term_string\"}}],\"inLanguage\":\"es\"},{\"@type\":\"Organization\",\"@id\":\"https:\/\/sensexx.mx\/tienda\/#organization\",\"name\":\"Sensexx\",\"url\":\"https:\/\/sensexx.mx\/tienda\/\",\"logo\":{\"@type\":\"ImageObject\",\"inLanguage\":\"es\",\"@id\":\"https:\/\/sensexx.mx\/tienda\/#\/schema\/logo\/image\/\",\"url\":\"https:\/\/sensexx.mx\/tienda\/wp-content\/uploads\/2019\/06\/Logotipo-oficial.png\",\"contentUrl\":\"https:\/\/sensexx.mx\/tienda\/wp-content\/uploads\/2019\/06\/Logotipo-oficial.png\",\"width\":3386,\"height\":1741,\"caption\":\"Sensexx\"},\"image\":{\"@id\":\"https:\/\/sensexx.mx\/tienda\/#\/schema\/logo\/image\/\"}}]}<\/script>\n<!-- \/ Yoast SEO plugin. -->","yoast_head_json":{"title":"T\u00e9rminos y Condiciones - Sensexx","robots":{"index":"index","follow":"follow","max-snippet":"max-snippet:-1","max-image-preview":"max-image-preview:large","max-video-preview":"max-video-preview:-1"},"canonical":"https:\/\/sensexx.mx\/tienda\/privacy-policy\/","og_locale":"es_ES","og_type":"article","og_title":"T\u00e9rminos y Condiciones - Sensexx","og_description":"Primera. Del Portal y sus Titulares. Gracias por acceder al sitio de Internet www.sensexx.com.mx Por acceder, navegar y\/o usar el Portal usted (el \u201cUsuario\u201d) reconoce que ha le\u00eddo, entendido en su totalidad y aceptado incondicionalmente sujetarse a los siguientes T\u00e9rminos y Condiciones de Uso y Contrataci\u00f3n (los \u201cT\u00e9rminos de Uso\u201d), los cuales tienen el car\u00e1cter [&hellip;]","og_url":"https:\/\/sensexx.mx\/tienda\/privacy-policy\/","og_site_name":"Sensexx","article_modified_time":"2019-07-09T17:16:00+00:00","twitter_card":"summary_large_image","twitter_misc":{"Tiempo de lectura":"6 minutos"},"schema":{"@context":"https:\/\/schema.org","@graph":[{"@type":"WebPage","@id":"https:\/\/sensexx.mx\/tienda\/privacy-policy\/","url":"https:\/\/sensexx.mx\/tienda\/privacy-policy\/","name":"T\u00e9rminos y Condiciones - Sensexx","isPartOf":{"@id":"https:\/\/sensexx.mx\/tienda\/#website"},"datePublished":"2019-05-19T21:15:10+00:00","dateModified":"2019-07-09T17:16:00+00:00","breadcrumb":{"@id":"https:\/\/sensexx.mx\/tienda\/privacy-policy\/#breadcrumb"},"inLanguage":"es","potentialAction":[{"@type":"ReadAction","target":["https:\/\/sensexx.mx\/tienda\/privacy-policy\/"]}]},{"@type":"BreadcrumbList","@id":"https:\/\/sensexx.mx\/tienda\/privacy-policy\/#breadcrumb","itemListElement":[{"@type":"ListItem","position":1,"name":"Portada","item":"https:\/\/sensexx.mx\/tienda\/"},{"@type":"ListItem","position":2,"name":"T\u00e9rminos y Condiciones"}]},{"@type":"WebSite","@id":"https:\/\/sensexx.mx\/tienda\/#website","url":"https:\/\/sensexx.mx\/tienda\/","name":"Sensexx","description":"Importadora y Distribuidora ","publisher":{"@id":"https:\/\/sensexx.mx\/tienda\/#organization"},"potentialAction":[{"@type":"SearchAction","target":{"@type":"EntryPoint","urlTemplate":"https:\/\/sensexx.mx\/tienda\/?s={search_term_string}"},"query-input":{"@type":"PropertyValueSpecification","valueRequired":true,"valueName":"search_term_string"}}],"inLanguage":"es"},{"@type":"Organization","@id":"https:\/\/sensexx.mx\/tienda\/#organization","name":"Sensexx","url":"https:\/\/sensexx.mx\/tienda\/","logo":{"@type":"ImageObject","inLanguage":"es","@id":"https:\/\/sensexx.mx\/tienda\/#\/schema\/logo\/image\/","url":"https:\/\/sensexx.mx\/tienda\/wp-content\/uploads\/2019\/06\/Logotipo-oficial.png","contentUrl":"https:\/\/sensexx.mx\/tienda\/wp-content\/uploads\/2019\/06\/Logotipo-oficial.png","width":3386,"height":1741,"caption":"Sensexx"},"image":{"@id":"https:\/\/sensexx.mx\/tienda\/#\/schema\/logo\/image\/"}}]}},"jetpack_sharing_enabled":true,"_links":{"self":[{"href":"https:\/\/sensexx.mx\/tienda\/wp-json\/wp\/v2\/pages\/3","targetHints":{"allow":["GET"]}}],"collection":[{"href":"https:\/\/sensexx.mx\/tienda\/wp-json\/wp\/v2\/pages"}],"about":[{"href":"https:\/\/sensexx.mx\/tienda\/wp-json\/wp\/v2\/types\/page"}],"author":[{"embeddable":true,"href":"https:\/\/sensexx.mx\/tienda\/wp-json\/wp\/v2\/users\/1"}],"replies":[{"embeddable":true,"href":"https:\/\/sensexx.mx\/tienda\/wp-json\/wp\/v2\/comments?post=3"}],"version-history":[{"count":3,"href":"https:\/\/sensexx.mx\/tienda\/wp-json\/wp\/v2\/pages\/3\/revisions"}],"predecessor-version":[{"id":1818,"href":"https:\/\/sensexx.mx\/tienda\/wp-json\/wp\/v2\/pages\/3\/revisions\/1818"}],"wp:attachment":[{"href":"https:\/\/sensexx.mx\/tienda\/wp-json\/wp\/v2\/media?parent=3"}],"curies":[{"name":"wp","href":"https:\/\/api.w.org\/{rel}","templated":true}]}}