{"id":464,"date":"2019-06-18T15:31:13","date_gmt":"2019-06-18T15:31:13","guid":{"rendered":"https:\/\/sensexx.mx\/tienda\/?post_type=product&#038;p=464"},"modified":"2019-06-18T15:31:13","modified_gmt":"2019-06-18T15:31:13","slug":"fetish-fantasy-series-vibrating-strap-on-set","status":"publish","type":"product","link":"https:\/\/sensexx.mx\/tienda\/producto\/fetish-fantasy-series-vibrating-strap-on-set\/","title":{"rendered":"Fetish Fantasy Series Vibrating Strap-On Set"},"content":{"rendered":"<p>Aprovecha el placer y enciende la diversi\u00f3n con este conjunto de arn\u00e9s con vibraci\u00f3n. Dise\u00f1ada pensando en la estimulaci\u00f3n del cl\u00edtoris, la bala inal\u00e1mbrica de velocidad m\u00faltiple se encuentra justo por encima del dong para tentar a tu cl\u00edtoris mientras que el dong satisface todos tus deseos.<\/p>\n<p>-Dildo de PVC sin ftalatos de 6 \u00ab(15 cm)<br \/>\n-Arn\u00e9s ajustable de 4 v\u00edas<br \/>\n-Bala inal\u00e1mbrica de velocidad m\u00faltiple<br \/>\n-3 anillos de goma<br \/>\n-Muestras de loci\u00f3n corporal h\u00fameda gratis<br \/>\n-Bater\u00edas gratis<br \/>\n-M\u00e1scara de amor de sat\u00e9n gratis<\/p>\n","protected":false},"excerpt":{"rendered":"<p>Arn\u00e9s con vibraci\u00f3n<\/p>\n","protected":false},"featured_media":465,"comment_status":"open","ping_status":"closed","template":"","meta":[],"product_brand":[],"product_cat":[27],"product_tag":[39],"class_list":{"0":"post-464","1":"product","2":"type-product","3":"status-publish","4":"has-post-thumbnail","6":"product_cat-arneses-strap-on","7":"product_tag-pipedream-products","9":"first","10":"instock","11":"shipping-taxable","12":"purchasable","13":"product-type-simple"},"yoast_head":"<!-- This site is optimized with the Yoast SEO plugin v25.0 - https:\/\/yoast.com\/wordpress\/plugins\/seo\/ -->\n<title>Fetish Fantasy Series Vibrating Strap-On Set - Sensexx<\/title>\n<meta name=\"robots\" content=\"index, follow, max-snippet:-1, max-image-preview:large, max-video-preview:-1\" \/>\n<link rel=\"canonical\" href=\"https:\/\/sensexx.mx\/tienda\/producto\/fetish-fantasy-series-vibrating-strap-on-set\/\" \/>\n<meta property=\"og:locale\" content=\"es_ES\" \/>\n<meta property=\"og:type\" content=\"article\" \/>\n<meta property=\"og:title\" content=\"Fetish Fantasy Series Vibrating Strap-On Set - Sensexx\" \/>\n<meta property=\"og:description\" content=\"Arn\u00e9s con vibraci\u00f3n\" \/>\n<meta property=\"og:url\" content=\"https:\/\/sensexx.mx\/tienda\/producto\/fetish-fantasy-series-vibrating-strap-on-set\/\" \/>\n<meta property=\"og:site_name\" content=\"Sensexx\" \/>\n<meta property=\"og:image\" content=\"https:\/\/sensexx.mx\/tienda\/wp-content\/uploads\/2019\/06\/pd2170-15.jpg\" \/>\n\t<meta property=\"og:image:width\" content=\"1487\" \/>\n\t<meta property=\"og:image:height\" content=\"2800\" \/>\n\t<meta property=\"og:image:type\" content=\"image\/jpeg\" \/>\n<meta name=\"twitter:card\" content=\"summary_large_image\" \/>\n<script type=\"application\/ld+json\" class=\"yoast-schema-graph\">{\"@context\":\"https:\/\/schema.org\",\"@graph\":[{\"@type\":\"WebPage\",\"@id\":\"https:\/\/sensexx.mx\/tienda\/producto\/fetish-fantasy-series-vibrating-strap-on-set\/\",\"url\":\"https:\/\/sensexx.mx\/tienda\/producto\/fetish-fantasy-series-vibrating-strap-on-set\/\",\"name\":\"Fetish Fantasy Series Vibrating Strap-On Set - Sensexx\",\"isPartOf\":{\"@id\":\"https:\/\/sensexx.mx\/tienda\/#website\"},\"primaryImageOfPage\":{\"@id\":\"https:\/\/sensexx.mx\/tienda\/producto\/fetish-fantasy-series-vibrating-strap-on-set\/#primaryimage\"},\"image\":{\"@id\":\"https:\/\/sensexx.mx\/tienda\/producto\/fetish-fantasy-series-vibrating-strap-on-set\/#primaryimage\"},\"thumbnailUrl\":\"https:\/\/sensexx.mx\/tienda\/wp-content\/uploads\/2019\/06\/pd2170-15.jpg\",\"datePublished\":\"2019-06-18T15:31:13+00:00\",\"breadcrumb\":{\"@id\":\"https:\/\/sensexx.mx\/tienda\/producto\/fetish-fantasy-series-vibrating-strap-on-set\/#breadcrumb\"},\"inLanguage\":\"es\",\"potentialAction\":[{\"@type\":\"ReadAction\",\"target\":[\"https:\/\/sensexx.mx\/tienda\/producto\/fetish-fantasy-series-vibrating-strap-on-set\/\"]}]},{\"@type\":\"ImageObject\",\"inLanguage\":\"es\",\"@id\":\"https:\/\/sensexx.mx\/tienda\/producto\/fetish-fantasy-series-vibrating-strap-on-set\/#primaryimage\",\"url\":\"https:\/\/sensexx.mx\/tienda\/wp-content\/uploads\/2019\/06\/pd2170-15.jpg\",\"contentUrl\":\"https:\/\/sensexx.mx\/tienda\/wp-content\/uploads\/2019\/06\/pd2170-15.jpg\",\"width\":1487,\"height\":2800},{\"@type\":\"BreadcrumbList\",\"@id\":\"https:\/\/sensexx.mx\/tienda\/producto\/fetish-fantasy-series-vibrating-strap-on-set\/#breadcrumb\",\"itemListElement\":[{\"@type\":\"ListItem\",\"position\":1,\"name\":\"Portada\",\"item\":\"https:\/\/sensexx.mx\/tienda\/\"},{\"@type\":\"ListItem\",\"position\":2,\"name\":\"Tienda\",\"item\":\"https:\/\/sensexx.mx\/tienda\/tienda\/\"},{\"@type\":\"ListItem\",\"position\":3,\"name\":\"Fetish Fantasy Series Vibrating Strap-On Set\"}]},{\"@type\":\"WebSite\",\"@id\":\"https:\/\/sensexx.mx\/tienda\/#website\",\"url\":\"https:\/\/sensexx.mx\/tienda\/\",\"name\":\"Sensexx\",\"description\":\"Importadora y Distribuidora \",\"publisher\":{\"@id\":\"https:\/\/sensexx.mx\/tienda\/#organization\"},\"potentialAction\":[{\"@type\":\"SearchAction\",\"target\":{\"@type\":\"EntryPoint\",\"urlTemplate\":\"https:\/\/sensexx.mx\/tienda\/?s={search_term_string}\"},\"query-input\":{\"@type\":\"PropertyValueSpecification\",\"valueRequired\":true,\"valueName\":\"search_term_string\"}}],\"inLanguage\":\"es\"},{\"@type\":\"Organization\",\"@id\":\"https:\/\/sensexx.mx\/tienda\/#organization\",\"name\":\"Sensexx\",\"url\":\"https:\/\/sensexx.mx\/tienda\/\",\"logo\":{\"@type\":\"ImageObject\",\"inLanguage\":\"es\",\"@id\":\"https:\/\/sensexx.mx\/tienda\/#\/schema\/logo\/image\/\",\"url\":\"https:\/\/sensexx.mx\/tienda\/wp-content\/uploads\/2019\/06\/Logotipo-oficial.png\",\"contentUrl\":\"https:\/\/sensexx.mx\/tienda\/wp-content\/uploads\/2019\/06\/Logotipo-oficial.png\",\"width\":3386,\"height\":1741,\"caption\":\"Sensexx\"},\"image\":{\"@id\":\"https:\/\/sensexx.mx\/tienda\/#\/schema\/logo\/image\/\"}}]}<\/script>\n<!-- \/ Yoast SEO plugin. -->","yoast_head_json":{"title":"Fetish Fantasy Series Vibrating Strap-On Set - Sensexx","robots":{"index":"index","follow":"follow","max-snippet":"max-snippet:-1","max-image-preview":"max-image-preview:large","max-video-preview":"max-video-preview:-1"},"canonical":"https:\/\/sensexx.mx\/tienda\/producto\/fetish-fantasy-series-vibrating-strap-on-set\/","og_locale":"es_ES","og_type":"article","og_title":"Fetish Fantasy Series Vibrating Strap-On Set - Sensexx","og_description":"Arn\u00e9s con vibraci\u00f3n","og_url":"https:\/\/sensexx.mx\/tienda\/producto\/fetish-fantasy-series-vibrating-strap-on-set\/","og_site_name":"Sensexx","og_image":[{"width":1487,"height":2800,"url":"https:\/\/sensexx.mx\/tienda\/wp-content\/uploads\/2019\/06\/pd2170-15.jpg","type":"image\/jpeg"}],"twitter_card":"summary_large_image","schema":{"@context":"https:\/\/schema.org","@graph":[{"@type":"WebPage","@id":"https:\/\/sensexx.mx\/tienda\/producto\/fetish-fantasy-series-vibrating-strap-on-set\/","url":"https:\/\/sensexx.mx\/tienda\/producto\/fetish-fantasy-series-vibrating-strap-on-set\/","name":"Fetish Fantasy Series Vibrating Strap-On Set - Sensexx","isPartOf":{"@id":"https:\/\/sensexx.mx\/tienda\/#website"},"primaryImageOfPage":{"@id":"https:\/\/sensexx.mx\/tienda\/producto\/fetish-fantasy-series-vibrating-strap-on-set\/#primaryimage"},"image":{"@id":"https:\/\/sensexx.mx\/tienda\/producto\/fetish-fantasy-series-vibrating-strap-on-set\/#primaryimage"},"thumbnailUrl":"https:\/\/sensexx.mx\/tienda\/wp-content\/uploads\/2019\/06\/pd2170-15.jpg","datePublished":"2019-06-18T15:31:13+00:00","breadcrumb":{"@id":"https:\/\/sensexx.mx\/tienda\/producto\/fetish-fantasy-series-vibrating-strap-on-set\/#breadcrumb"},"inLanguage":"es","potentialAction":[{"@type":"ReadAction","target":["https:\/\/sensexx.mx\/tienda\/producto\/fetish-fantasy-series-vibrating-strap-on-set\/"]}]},{"@type":"ImageObject","inLanguage":"es","@id":"https:\/\/sensexx.mx\/tienda\/producto\/fetish-fantasy-series-vibrating-strap-on-set\/#primaryimage","url":"https:\/\/sensexx.mx\/tienda\/wp-content\/uploads\/2019\/06\/pd2170-15.jpg","contentUrl":"https:\/\/sensexx.mx\/tienda\/wp-content\/uploads\/2019\/06\/pd2170-15.jpg","width":1487,"height":2800},{"@type":"BreadcrumbList","@id":"https:\/\/sensexx.mx\/tienda\/producto\/fetish-fantasy-series-vibrating-strap-on-set\/#breadcrumb","itemListElement":[{"@type":"ListItem","position":1,"name":"Portada","item":"https:\/\/sensexx.mx\/tienda\/"},{"@type":"ListItem","position":2,"name":"Tienda","item":"https:\/\/sensexx.mx\/tienda\/tienda\/"},{"@type":"ListItem","position":3,"name":"Fetish Fantasy Series Vibrating Strap-On Set"}]},{"@type":"WebSite","@id":"https:\/\/sensexx.mx\/tienda\/#website","url":"https:\/\/sensexx.mx\/tienda\/","name":"Sensexx","description":"Importadora y Distribuidora ","publisher":{"@id":"https:\/\/sensexx.mx\/tienda\/#organization"},"potentialAction":[{"@type":"SearchAction","target":{"@type":"EntryPoint","urlTemplate":"https:\/\/sensexx.mx\/tienda\/?s={search_term_string}"},"query-input":{"@type":"PropertyValueSpecification","valueRequired":true,"valueName":"search_term_string"}}],"inLanguage":"es"},{"@type":"Organization","@id":"https:\/\/sensexx.mx\/tienda\/#organization","name":"Sensexx","url":"https:\/\/sensexx.mx\/tienda\/","logo":{"@type":"ImageObject","inLanguage":"es","@id":"https:\/\/sensexx.mx\/tienda\/#\/schema\/logo\/image\/","url":"https:\/\/sensexx.mx\/tienda\/wp-content\/uploads\/2019\/06\/Logotipo-oficial.png","contentUrl":"https:\/\/sensexx.mx\/tienda\/wp-content\/uploads\/2019\/06\/Logotipo-oficial.png","width":3386,"height":1741,"caption":"Sensexx"},"image":{"@id":"https:\/\/sensexx.mx\/tienda\/#\/schema\/logo\/image\/"}}]}},"jetpack_sharing_enabled":true,"_links":{"self":[{"href":"https:\/\/sensexx.mx\/tienda\/wp-json\/wp\/v2\/product\/464","targetHints":{"allow":["GET"]}}],"collection":[{"href":"https:\/\/sensexx.mx\/tienda\/wp-json\/wp\/v2\/product"}],"about":[{"href":"https:\/\/sensexx.mx\/tienda\/wp-json\/wp\/v2\/types\/product"}],"replies":[{"embeddable":true,"href":"https:\/\/sensexx.mx\/tienda\/wp-json\/wp\/v2\/comments?post=464"}],"wp:featuredmedia":[{"embeddable":true,"href":"https:\/\/sensexx.mx\/tienda\/wp-json\/wp\/v2\/media\/465"}],"wp:attachment":[{"href":"https:\/\/sensexx.mx\/tienda\/wp-json\/wp\/v2\/media?parent=464"}],"wp:term":[{"taxonomy":"product_brand","embeddable":true,"href":"https:\/\/sensexx.mx\/tienda\/wp-json\/wp\/v2\/product_brand?post=464"},{"taxonomy":"product_cat","embeddable":true,"href":"https:\/\/sensexx.mx\/tienda\/wp-json\/wp\/v2\/product_cat?post=464"},{"taxonomy":"product_tag","embeddable":true,"href":"https:\/\/sensexx.mx\/tienda\/wp-json\/wp\/v2\/product_tag?post=464"}],"curies":[{"name":"wp","href":"https:\/\/api.w.org\/{rel}","templated":true}]}}