{"id":560,"date":"2019-06-18T17:26:31","date_gmt":"2019-06-18T17:26:31","guid":{"rendered":"https:\/\/sensexx.mx\/tienda\/?post_type=product&#038;p=560"},"modified":"2019-06-18T17:26:31","modified_gmt":"2019-06-18T17:26:31","slug":"beginners-power-pump-purple","status":"publish","type":"product","link":"https:\/\/sensexx.mx\/tienda\/producto\/beginners-power-pump-purple\/","title":{"rendered":"Beginner&#8217;s Power Pump &#8211; Purple"},"content":{"rendered":"<p>La bomba de alimentaci\u00f3n para principiantes te dar\u00e1 el tama\u00f1o y la confianza que siempre has so\u00f1ado sin ning\u00fan efecto secundario da\u00f1ino. Con cada apret\u00f3n de la bola de la bomba de estilo m\u00e9dico, su barra de placer se hinchar\u00e1 con poder. Una vez que penetre en la abertura de PVC suave y flexible, descubrir\u00e1 r\u00e1pidamente erecciones palpitantes y duras que se sienten bien y duran y duran, \u00a1sin decepciones de rendimiento a medio camino! \u00a1Cuidado con las imitaciones, solo esta potente bomba puede proporcionar resultados que realmente satisfacen!<\/p>\n<p>Medidas: 19.1 x 7cm<\/p>\n","protected":false},"excerpt":{"rendered":"<p>Bomba de vacio<\/p>\n","protected":false},"featured_media":561,"comment_status":"open","ping_status":"closed","template":"","meta":[],"product_brand":[],"product_cat":[25],"product_tag":[39],"class_list":{"0":"post-560","1":"product","2":"type-product","3":"status-publish","4":"has-post-thumbnail","6":"product_cat-bombas-de-vacio","7":"product_tag-pipedream-products","9":"first","10":"instock","11":"shipping-taxable","12":"purchasable","13":"product-type-simple"},"yoast_head":"<!-- This site is optimized with the Yoast SEO plugin v25.0 - https:\/\/yoast.com\/wordpress\/plugins\/seo\/ -->\n<title>Beginner&#039;s Power Pump - Purple - Sensexx<\/title>\n<meta name=\"robots\" content=\"index, follow, max-snippet:-1, max-image-preview:large, max-video-preview:-1\" \/>\n<link rel=\"canonical\" href=\"https:\/\/sensexx.mx\/tienda\/producto\/beginners-power-pump-purple\/\" \/>\n<meta property=\"og:locale\" content=\"es_ES\" \/>\n<meta property=\"og:type\" content=\"article\" \/>\n<meta property=\"og:title\" content=\"Beginner&#039;s Power Pump - Purple - Sensexx\" \/>\n<meta property=\"og:description\" content=\"Bomba de vacio\" \/>\n<meta property=\"og:url\" content=\"https:\/\/sensexx.mx\/tienda\/producto\/beginners-power-pump-purple\/\" \/>\n<meta property=\"og:site_name\" content=\"Sensexx\" \/>\n<meta property=\"og:image\" content=\"https:\/\/sensexx.mx\/tienda\/wp-content\/uploads\/2019\/06\/WM02165N_1.jpg\" \/>\n\t<meta property=\"og:image:width\" content=\"1001\" \/>\n\t<meta property=\"og:image:height\" content=\"1001\" \/>\n\t<meta property=\"og:image:type\" content=\"image\/jpeg\" \/>\n<meta name=\"twitter:card\" content=\"summary_large_image\" \/>\n<meta name=\"twitter:label1\" content=\"Tiempo de lectura\" \/>\n\t<meta name=\"twitter:data1\" content=\"1 minuto\" \/>\n<script type=\"application\/ld+json\" class=\"yoast-schema-graph\">{\"@context\":\"https:\/\/schema.org\",\"@graph\":[{\"@type\":\"WebPage\",\"@id\":\"https:\/\/sensexx.mx\/tienda\/producto\/beginners-power-pump-purple\/\",\"url\":\"https:\/\/sensexx.mx\/tienda\/producto\/beginners-power-pump-purple\/\",\"name\":\"Beginner's Power Pump - Purple - Sensexx\",\"isPartOf\":{\"@id\":\"https:\/\/sensexx.mx\/tienda\/#website\"},\"primaryImageOfPage\":{\"@id\":\"https:\/\/sensexx.mx\/tienda\/producto\/beginners-power-pump-purple\/#primaryimage\"},\"image\":{\"@id\":\"https:\/\/sensexx.mx\/tienda\/producto\/beginners-power-pump-purple\/#primaryimage\"},\"thumbnailUrl\":\"https:\/\/sensexx.mx\/tienda\/wp-content\/uploads\/2019\/06\/WM02165N_1.jpg\",\"datePublished\":\"2019-06-18T17:26:31+00:00\",\"breadcrumb\":{\"@id\":\"https:\/\/sensexx.mx\/tienda\/producto\/beginners-power-pump-purple\/#breadcrumb\"},\"inLanguage\":\"es\",\"potentialAction\":[{\"@type\":\"ReadAction\",\"target\":[\"https:\/\/sensexx.mx\/tienda\/producto\/beginners-power-pump-purple\/\"]}]},{\"@type\":\"ImageObject\",\"inLanguage\":\"es\",\"@id\":\"https:\/\/sensexx.mx\/tienda\/producto\/beginners-power-pump-purple\/#primaryimage\",\"url\":\"https:\/\/sensexx.mx\/tienda\/wp-content\/uploads\/2019\/06\/WM02165N_1.jpg\",\"contentUrl\":\"https:\/\/sensexx.mx\/tienda\/wp-content\/uploads\/2019\/06\/WM02165N_1.jpg\",\"width\":1001,\"height\":1001},{\"@type\":\"BreadcrumbList\",\"@id\":\"https:\/\/sensexx.mx\/tienda\/producto\/beginners-power-pump-purple\/#breadcrumb\",\"itemListElement\":[{\"@type\":\"ListItem\",\"position\":1,\"name\":\"Portada\",\"item\":\"https:\/\/sensexx.mx\/tienda\/\"},{\"@type\":\"ListItem\",\"position\":2,\"name\":\"Tienda\",\"item\":\"https:\/\/sensexx.mx\/tienda\/tienda\/\"},{\"@type\":\"ListItem\",\"position\":3,\"name\":\"Beginner&#8217;s Power Pump &#8211; Purple\"}]},{\"@type\":\"WebSite\",\"@id\":\"https:\/\/sensexx.mx\/tienda\/#website\",\"url\":\"https:\/\/sensexx.mx\/tienda\/\",\"name\":\"Sensexx\",\"description\":\"Importadora y Distribuidora \",\"publisher\":{\"@id\":\"https:\/\/sensexx.mx\/tienda\/#organization\"},\"potentialAction\":[{\"@type\":\"SearchAction\",\"target\":{\"@type\":\"EntryPoint\",\"urlTemplate\":\"https:\/\/sensexx.mx\/tienda\/?s={search_term_string}\"},\"query-input\":{\"@type\":\"PropertyValueSpecification\",\"valueRequired\":true,\"valueName\":\"search_term_string\"}}],\"inLanguage\":\"es\"},{\"@type\":\"Organization\",\"@id\":\"https:\/\/sensexx.mx\/tienda\/#organization\",\"name\":\"Sensexx\",\"url\":\"https:\/\/sensexx.mx\/tienda\/\",\"logo\":{\"@type\":\"ImageObject\",\"inLanguage\":\"es\",\"@id\":\"https:\/\/sensexx.mx\/tienda\/#\/schema\/logo\/image\/\",\"url\":\"https:\/\/sensexx.mx\/tienda\/wp-content\/uploads\/2019\/06\/Logotipo-oficial.png\",\"contentUrl\":\"https:\/\/sensexx.mx\/tienda\/wp-content\/uploads\/2019\/06\/Logotipo-oficial.png\",\"width\":3386,\"height\":1741,\"caption\":\"Sensexx\"},\"image\":{\"@id\":\"https:\/\/sensexx.mx\/tienda\/#\/schema\/logo\/image\/\"}}]}<\/script>\n<!-- \/ Yoast SEO plugin. -->","yoast_head_json":{"title":"Beginner's Power Pump - Purple - Sensexx","robots":{"index":"index","follow":"follow","max-snippet":"max-snippet:-1","max-image-preview":"max-image-preview:large","max-video-preview":"max-video-preview:-1"},"canonical":"https:\/\/sensexx.mx\/tienda\/producto\/beginners-power-pump-purple\/","og_locale":"es_ES","og_type":"article","og_title":"Beginner's Power Pump - Purple - Sensexx","og_description":"Bomba de vacio","og_url":"https:\/\/sensexx.mx\/tienda\/producto\/beginners-power-pump-purple\/","og_site_name":"Sensexx","og_image":[{"width":1001,"height":1001,"url":"https:\/\/sensexx.mx\/tienda\/wp-content\/uploads\/2019\/06\/WM02165N_1.jpg","type":"image\/jpeg"}],"twitter_card":"summary_large_image","twitter_misc":{"Tiempo de lectura":"1 minuto"},"schema":{"@context":"https:\/\/schema.org","@graph":[{"@type":"WebPage","@id":"https:\/\/sensexx.mx\/tienda\/producto\/beginners-power-pump-purple\/","url":"https:\/\/sensexx.mx\/tienda\/producto\/beginners-power-pump-purple\/","name":"Beginner's Power Pump - Purple - Sensexx","isPartOf":{"@id":"https:\/\/sensexx.mx\/tienda\/#website"},"primaryImageOfPage":{"@id":"https:\/\/sensexx.mx\/tienda\/producto\/beginners-power-pump-purple\/#primaryimage"},"image":{"@id":"https:\/\/sensexx.mx\/tienda\/producto\/beginners-power-pump-purple\/#primaryimage"},"thumbnailUrl":"https:\/\/sensexx.mx\/tienda\/wp-content\/uploads\/2019\/06\/WM02165N_1.jpg","datePublished":"2019-06-18T17:26:31+00:00","breadcrumb":{"@id":"https:\/\/sensexx.mx\/tienda\/producto\/beginners-power-pump-purple\/#breadcrumb"},"inLanguage":"es","potentialAction":[{"@type":"ReadAction","target":["https:\/\/sensexx.mx\/tienda\/producto\/beginners-power-pump-purple\/"]}]},{"@type":"ImageObject","inLanguage":"es","@id":"https:\/\/sensexx.mx\/tienda\/producto\/beginners-power-pump-purple\/#primaryimage","url":"https:\/\/sensexx.mx\/tienda\/wp-content\/uploads\/2019\/06\/WM02165N_1.jpg","contentUrl":"https:\/\/sensexx.mx\/tienda\/wp-content\/uploads\/2019\/06\/WM02165N_1.jpg","width":1001,"height":1001},{"@type":"BreadcrumbList","@id":"https:\/\/sensexx.mx\/tienda\/producto\/beginners-power-pump-purple\/#breadcrumb","itemListElement":[{"@type":"ListItem","position":1,"name":"Portada","item":"https:\/\/sensexx.mx\/tienda\/"},{"@type":"ListItem","position":2,"name":"Tienda","item":"https:\/\/sensexx.mx\/tienda\/tienda\/"},{"@type":"ListItem","position":3,"name":"Beginner&#8217;s Power Pump &#8211; Purple"}]},{"@type":"WebSite","@id":"https:\/\/sensexx.mx\/tienda\/#website","url":"https:\/\/sensexx.mx\/tienda\/","name":"Sensexx","description":"Importadora y Distribuidora ","publisher":{"@id":"https:\/\/sensexx.mx\/tienda\/#organization"},"potentialAction":[{"@type":"SearchAction","target":{"@type":"EntryPoint","urlTemplate":"https:\/\/sensexx.mx\/tienda\/?s={search_term_string}"},"query-input":{"@type":"PropertyValueSpecification","valueRequired":true,"valueName":"search_term_string"}}],"inLanguage":"es"},{"@type":"Organization","@id":"https:\/\/sensexx.mx\/tienda\/#organization","name":"Sensexx","url":"https:\/\/sensexx.mx\/tienda\/","logo":{"@type":"ImageObject","inLanguage":"es","@id":"https:\/\/sensexx.mx\/tienda\/#\/schema\/logo\/image\/","url":"https:\/\/sensexx.mx\/tienda\/wp-content\/uploads\/2019\/06\/Logotipo-oficial.png","contentUrl":"https:\/\/sensexx.mx\/tienda\/wp-content\/uploads\/2019\/06\/Logotipo-oficial.png","width":3386,"height":1741,"caption":"Sensexx"},"image":{"@id":"https:\/\/sensexx.mx\/tienda\/#\/schema\/logo\/image\/"}}]}},"jetpack_sharing_enabled":true,"_links":{"self":[{"href":"https:\/\/sensexx.mx\/tienda\/wp-json\/wp\/v2\/product\/560","targetHints":{"allow":["GET"]}}],"collection":[{"href":"https:\/\/sensexx.mx\/tienda\/wp-json\/wp\/v2\/product"}],"about":[{"href":"https:\/\/sensexx.mx\/tienda\/wp-json\/wp\/v2\/types\/product"}],"replies":[{"embeddable":true,"href":"https:\/\/sensexx.mx\/tienda\/wp-json\/wp\/v2\/comments?post=560"}],"wp:featuredmedia":[{"embeddable":true,"href":"https:\/\/sensexx.mx\/tienda\/wp-json\/wp\/v2\/media\/561"}],"wp:attachment":[{"href":"https:\/\/sensexx.mx\/tienda\/wp-json\/wp\/v2\/media?parent=560"}],"wp:term":[{"taxonomy":"product_brand","embeddable":true,"href":"https:\/\/sensexx.mx\/tienda\/wp-json\/wp\/v2\/product_brand?post=560"},{"taxonomy":"product_cat","embeddable":true,"href":"https:\/\/sensexx.mx\/tienda\/wp-json\/wp\/v2\/product_cat?post=560"},{"taxonomy":"product_tag","embeddable":true,"href":"https:\/\/sensexx.mx\/tienda\/wp-json\/wp\/v2\/product_tag?post=560"}],"curies":[{"name":"wp","href":"https:\/\/api.w.org\/{rel}","templated":true}]}}