{"id":608,"date":"2019-06-18T18:46:27","date_gmt":"2019-06-18T18:46:27","guid":{"rendered":"https:\/\/sensexx.mx\/tienda\/?post_type=product&#038;p=608"},"modified":"2019-06-18T18:46:27","modified_gmt":"2019-06-18T18:46:27","slug":"fetish-fantasy-series-penetrix-strap-on-flesh","status":"publish","type":"product","link":"https:\/\/sensexx.mx\/tienda\/producto\/fetish-fantasy-series-penetrix-strap-on-flesh\/","title":{"rendered":"Fetish Fantasy Series Penetrix Strap-on Flesh"},"content":{"rendered":"<p>El arn\u00e9s perfecto para principiantes o quienes buscan algo discreto. Arn\u00e9s ajustable con vibrador libre de ftalatos. Vibraci\u00f3n regulable, caja con clip que se puede insertar en el tirante del arn\u00e9s, para hacerlo pr\u00e1ctico.<\/p>\n<p>Medidas del dildo: 15cm x 2.5cm aprox.<\/p>\n","protected":false},"excerpt":{"rendered":"<div class=\"woocommerce-product-details__short-description\">\n<p>Arn\u00e9s con vibrador de 15cm<\/p>\n<\/div>\n","protected":false},"featured_media":609,"comment_status":"open","ping_status":"closed","template":"","meta":[],"product_brand":[],"product_cat":[27],"product_tag":[39],"class_list":{"0":"post-608","1":"product","2":"type-product","3":"status-publish","4":"has-post-thumbnail","6":"product_cat-arneses-strap-on","7":"product_tag-pipedream-products","9":"first","10":"instock","11":"shipping-taxable","12":"purchasable","13":"product-type-simple"},"yoast_head":"<!-- This site is optimized with the Yoast SEO plugin v25.0 - https:\/\/yoast.com\/wordpress\/plugins\/seo\/ -->\n<title>Fetish Fantasy Series Penetrix Strap-on Flesh - Sensexx<\/title>\n<meta name=\"robots\" content=\"index, follow, max-snippet:-1, max-image-preview:large, max-video-preview:-1\" \/>\n<link rel=\"canonical\" href=\"https:\/\/sensexx.mx\/tienda\/producto\/fetish-fantasy-series-penetrix-strap-on-flesh\/\" \/>\n<meta property=\"og:locale\" content=\"es_ES\" \/>\n<meta property=\"og:type\" content=\"article\" \/>\n<meta property=\"og:title\" content=\"Fetish Fantasy Series Penetrix Strap-on Flesh - Sensexx\" \/>\n<meta property=\"og:description\" content=\"Arn\u00e9s con vibrador de 15cm\" \/>\n<meta property=\"og:url\" content=\"https:\/\/sensexx.mx\/tienda\/producto\/fetish-fantasy-series-penetrix-strap-on-flesh\/\" \/>\n<meta property=\"og:site_name\" content=\"Sensexx\" \/>\n<meta property=\"og:image\" content=\"https:\/\/sensexx.mx\/tienda\/wp-content\/uploads\/2019\/06\/pd3358-21.jpg\" \/>\n\t<meta property=\"og:image:width\" content=\"1487\" \/>\n\t<meta property=\"og:image:height\" content=\"2800\" \/>\n\t<meta property=\"og:image:type\" content=\"image\/jpeg\" \/>\n<meta name=\"twitter:card\" content=\"summary_large_image\" \/>\n<script type=\"application\/ld+json\" class=\"yoast-schema-graph\">{\"@context\":\"https:\/\/schema.org\",\"@graph\":[{\"@type\":\"WebPage\",\"@id\":\"https:\/\/sensexx.mx\/tienda\/producto\/fetish-fantasy-series-penetrix-strap-on-flesh\/\",\"url\":\"https:\/\/sensexx.mx\/tienda\/producto\/fetish-fantasy-series-penetrix-strap-on-flesh\/\",\"name\":\"Fetish Fantasy Series Penetrix Strap-on Flesh - Sensexx\",\"isPartOf\":{\"@id\":\"https:\/\/sensexx.mx\/tienda\/#website\"},\"primaryImageOfPage\":{\"@id\":\"https:\/\/sensexx.mx\/tienda\/producto\/fetish-fantasy-series-penetrix-strap-on-flesh\/#primaryimage\"},\"image\":{\"@id\":\"https:\/\/sensexx.mx\/tienda\/producto\/fetish-fantasy-series-penetrix-strap-on-flesh\/#primaryimage\"},\"thumbnailUrl\":\"https:\/\/sensexx.mx\/tienda\/wp-content\/uploads\/2019\/06\/pd3358-21.jpg\",\"datePublished\":\"2019-06-18T18:46:27+00:00\",\"breadcrumb\":{\"@id\":\"https:\/\/sensexx.mx\/tienda\/producto\/fetish-fantasy-series-penetrix-strap-on-flesh\/#breadcrumb\"},\"inLanguage\":\"es\",\"potentialAction\":[{\"@type\":\"ReadAction\",\"target\":[\"https:\/\/sensexx.mx\/tienda\/producto\/fetish-fantasy-series-penetrix-strap-on-flesh\/\"]}]},{\"@type\":\"ImageObject\",\"inLanguage\":\"es\",\"@id\":\"https:\/\/sensexx.mx\/tienda\/producto\/fetish-fantasy-series-penetrix-strap-on-flesh\/#primaryimage\",\"url\":\"https:\/\/sensexx.mx\/tienda\/wp-content\/uploads\/2019\/06\/pd3358-21.jpg\",\"contentUrl\":\"https:\/\/sensexx.mx\/tienda\/wp-content\/uploads\/2019\/06\/pd3358-21.jpg\",\"width\":1487,\"height\":2800},{\"@type\":\"BreadcrumbList\",\"@id\":\"https:\/\/sensexx.mx\/tienda\/producto\/fetish-fantasy-series-penetrix-strap-on-flesh\/#breadcrumb\",\"itemListElement\":[{\"@type\":\"ListItem\",\"position\":1,\"name\":\"Portada\",\"item\":\"https:\/\/sensexx.mx\/tienda\/\"},{\"@type\":\"ListItem\",\"position\":2,\"name\":\"Tienda\",\"item\":\"https:\/\/sensexx.mx\/tienda\/tienda\/\"},{\"@type\":\"ListItem\",\"position\":3,\"name\":\"Fetish Fantasy Series Penetrix Strap-on Flesh\"}]},{\"@type\":\"WebSite\",\"@id\":\"https:\/\/sensexx.mx\/tienda\/#website\",\"url\":\"https:\/\/sensexx.mx\/tienda\/\",\"name\":\"Sensexx\",\"description\":\"Importadora y Distribuidora \",\"publisher\":{\"@id\":\"https:\/\/sensexx.mx\/tienda\/#organization\"},\"potentialAction\":[{\"@type\":\"SearchAction\",\"target\":{\"@type\":\"EntryPoint\",\"urlTemplate\":\"https:\/\/sensexx.mx\/tienda\/?s={search_term_string}\"},\"query-input\":{\"@type\":\"PropertyValueSpecification\",\"valueRequired\":true,\"valueName\":\"search_term_string\"}}],\"inLanguage\":\"es\"},{\"@type\":\"Organization\",\"@id\":\"https:\/\/sensexx.mx\/tienda\/#organization\",\"name\":\"Sensexx\",\"url\":\"https:\/\/sensexx.mx\/tienda\/\",\"logo\":{\"@type\":\"ImageObject\",\"inLanguage\":\"es\",\"@id\":\"https:\/\/sensexx.mx\/tienda\/#\/schema\/logo\/image\/\",\"url\":\"https:\/\/sensexx.mx\/tienda\/wp-content\/uploads\/2019\/06\/Logotipo-oficial.png\",\"contentUrl\":\"https:\/\/sensexx.mx\/tienda\/wp-content\/uploads\/2019\/06\/Logotipo-oficial.png\",\"width\":3386,\"height\":1741,\"caption\":\"Sensexx\"},\"image\":{\"@id\":\"https:\/\/sensexx.mx\/tienda\/#\/schema\/logo\/image\/\"}}]}<\/script>\n<!-- \/ Yoast SEO plugin. -->","yoast_head_json":{"title":"Fetish Fantasy Series Penetrix Strap-on Flesh - Sensexx","robots":{"index":"index","follow":"follow","max-snippet":"max-snippet:-1","max-image-preview":"max-image-preview:large","max-video-preview":"max-video-preview:-1"},"canonical":"https:\/\/sensexx.mx\/tienda\/producto\/fetish-fantasy-series-penetrix-strap-on-flesh\/","og_locale":"es_ES","og_type":"article","og_title":"Fetish Fantasy Series Penetrix Strap-on Flesh - Sensexx","og_description":"Arn\u00e9s con vibrador de 15cm","og_url":"https:\/\/sensexx.mx\/tienda\/producto\/fetish-fantasy-series-penetrix-strap-on-flesh\/","og_site_name":"Sensexx","og_image":[{"width":1487,"height":2800,"url":"https:\/\/sensexx.mx\/tienda\/wp-content\/uploads\/2019\/06\/pd3358-21.jpg","type":"image\/jpeg"}],"twitter_card":"summary_large_image","schema":{"@context":"https:\/\/schema.org","@graph":[{"@type":"WebPage","@id":"https:\/\/sensexx.mx\/tienda\/producto\/fetish-fantasy-series-penetrix-strap-on-flesh\/","url":"https:\/\/sensexx.mx\/tienda\/producto\/fetish-fantasy-series-penetrix-strap-on-flesh\/","name":"Fetish Fantasy Series Penetrix Strap-on Flesh - Sensexx","isPartOf":{"@id":"https:\/\/sensexx.mx\/tienda\/#website"},"primaryImageOfPage":{"@id":"https:\/\/sensexx.mx\/tienda\/producto\/fetish-fantasy-series-penetrix-strap-on-flesh\/#primaryimage"},"image":{"@id":"https:\/\/sensexx.mx\/tienda\/producto\/fetish-fantasy-series-penetrix-strap-on-flesh\/#primaryimage"},"thumbnailUrl":"https:\/\/sensexx.mx\/tienda\/wp-content\/uploads\/2019\/06\/pd3358-21.jpg","datePublished":"2019-06-18T18:46:27+00:00","breadcrumb":{"@id":"https:\/\/sensexx.mx\/tienda\/producto\/fetish-fantasy-series-penetrix-strap-on-flesh\/#breadcrumb"},"inLanguage":"es","potentialAction":[{"@type":"ReadAction","target":["https:\/\/sensexx.mx\/tienda\/producto\/fetish-fantasy-series-penetrix-strap-on-flesh\/"]}]},{"@type":"ImageObject","inLanguage":"es","@id":"https:\/\/sensexx.mx\/tienda\/producto\/fetish-fantasy-series-penetrix-strap-on-flesh\/#primaryimage","url":"https:\/\/sensexx.mx\/tienda\/wp-content\/uploads\/2019\/06\/pd3358-21.jpg","contentUrl":"https:\/\/sensexx.mx\/tienda\/wp-content\/uploads\/2019\/06\/pd3358-21.jpg","width":1487,"height":2800},{"@type":"BreadcrumbList","@id":"https:\/\/sensexx.mx\/tienda\/producto\/fetish-fantasy-series-penetrix-strap-on-flesh\/#breadcrumb","itemListElement":[{"@type":"ListItem","position":1,"name":"Portada","item":"https:\/\/sensexx.mx\/tienda\/"},{"@type":"ListItem","position":2,"name":"Tienda","item":"https:\/\/sensexx.mx\/tienda\/tienda\/"},{"@type":"ListItem","position":3,"name":"Fetish Fantasy Series Penetrix Strap-on Flesh"}]},{"@type":"WebSite","@id":"https:\/\/sensexx.mx\/tienda\/#website","url":"https:\/\/sensexx.mx\/tienda\/","name":"Sensexx","description":"Importadora y Distribuidora ","publisher":{"@id":"https:\/\/sensexx.mx\/tienda\/#organization"},"potentialAction":[{"@type":"SearchAction","target":{"@type":"EntryPoint","urlTemplate":"https:\/\/sensexx.mx\/tienda\/?s={search_term_string}"},"query-input":{"@type":"PropertyValueSpecification","valueRequired":true,"valueName":"search_term_string"}}],"inLanguage":"es"},{"@type":"Organization","@id":"https:\/\/sensexx.mx\/tienda\/#organization","name":"Sensexx","url":"https:\/\/sensexx.mx\/tienda\/","logo":{"@type":"ImageObject","inLanguage":"es","@id":"https:\/\/sensexx.mx\/tienda\/#\/schema\/logo\/image\/","url":"https:\/\/sensexx.mx\/tienda\/wp-content\/uploads\/2019\/06\/Logotipo-oficial.png","contentUrl":"https:\/\/sensexx.mx\/tienda\/wp-content\/uploads\/2019\/06\/Logotipo-oficial.png","width":3386,"height":1741,"caption":"Sensexx"},"image":{"@id":"https:\/\/sensexx.mx\/tienda\/#\/schema\/logo\/image\/"}}]}},"jetpack_sharing_enabled":true,"_links":{"self":[{"href":"https:\/\/sensexx.mx\/tienda\/wp-json\/wp\/v2\/product\/608","targetHints":{"allow":["GET"]}}],"collection":[{"href":"https:\/\/sensexx.mx\/tienda\/wp-json\/wp\/v2\/product"}],"about":[{"href":"https:\/\/sensexx.mx\/tienda\/wp-json\/wp\/v2\/types\/product"}],"replies":[{"embeddable":true,"href":"https:\/\/sensexx.mx\/tienda\/wp-json\/wp\/v2\/comments?post=608"}],"wp:featuredmedia":[{"embeddable":true,"href":"https:\/\/sensexx.mx\/tienda\/wp-json\/wp\/v2\/media\/609"}],"wp:attachment":[{"href":"https:\/\/sensexx.mx\/tienda\/wp-json\/wp\/v2\/media?parent=608"}],"wp:term":[{"taxonomy":"product_brand","embeddable":true,"href":"https:\/\/sensexx.mx\/tienda\/wp-json\/wp\/v2\/product_brand?post=608"},{"taxonomy":"product_cat","embeddable":true,"href":"https:\/\/sensexx.mx\/tienda\/wp-json\/wp\/v2\/product_cat?post=608"},{"taxonomy":"product_tag","embeddable":true,"href":"https:\/\/sensexx.mx\/tienda\/wp-json\/wp\/v2\/product_tag?post=608"}],"curies":[{"name":"wp","href":"https:\/\/api.w.org\/{rel}","templated":true}]}}