{"id":648,"date":"2019-06-18T19:33:04","date_gmt":"2019-06-18T19:33:04","guid":{"rendered":"https:\/\/sensexx.mx\/tienda\/?post_type=product&#038;p=648"},"modified":"2019-06-18T19:38:17","modified_gmt":"2019-06-18T19:38:17","slug":"fetish-fantasy-series-7-vibrating-hollow-strap-on-with-balls-flesh","status":"publish","type":"product","link":"https:\/\/sensexx.mx\/tienda\/producto\/fetish-fantasy-series-7-vibrating-hollow-strap-on-with-balls-flesh\/","title":{"rendered":"Fetish Fantasy Series 7&#8243; Vibrating Hollow Strap-On with Balls &#8211; Flesh"},"content":{"rendered":"<p>\u00bfNo siempre has querido sentirte m\u00e1s segura de tu tama\u00f1o y disfrutar del sexo satisfactorio con tu pareja el tiempo suficiente para que ambos alcancen el orgasmo? \u00a1Tu amante sabe que el tama\u00f1o s\u00ed importa, y nada puede cumplir tus fantas\u00edas y complace a tu pareja como un hombre seguro que sabe lo que est\u00e1 haciendo! Ahora puedes tener la longitud y la circunferencia que siempre has so\u00f1ado y ser todo el hombre con el que puedes estar con Fetish Fantasy Series 7 \u00abHollow Strap-On with Balls. Dile adi\u00f3s a las vergonzosas decepciones a mitad de camino y saluda a una sonrisa satisfactoria de tu \u00a1amante!<\/p>\n<p>El c\u00f3modo arn\u00e9s el\u00e1stico se ajusta f\u00e1cilmente para adaptarse a la mayor\u00eda de los tama\u00f1os, mientras que el consolador de PVC libre de ftalatos de 7 \u00abse encuentra en el lugar correcto cada vez. Es perfecto para los hombres con disfunci\u00f3n er\u00e9ctil, problemas de eyaculaci\u00f3n precoz o cualquier persona que busque simplemente agregar un poco de algo extra para su pr\u00f3ximo encuentro. El consolador es de l\u00e1tex para el cuerpo. Libre y compatible con lubricantes a base de agua y silicona. La limpieza es muy f\u00e1cil despu\u00e9s de la diversi\u00f3n con el limpiador de juguetes Pipedream y el agua tibia.<\/p>\n<p>\u00a1Elige la velocidad adecuada para ti y deja que las poderosas vibraciones te lleven! Una bala s\u00faper fuerte de varias velocidades proporciona vibraciones emocionantes en la punta del consolador, precisamente donde m\u00e1s las desea, y nuestro exclusivo clip de cintura sin manos le permite mantener el control a su lado y apartarlo de la diversi\u00f3n.<\/p>\n<p>Longitud total: 7.4 pulg. (18.9 cm)<br \/>\nLongitud insertable: 7 in. (17.8 cm)<br \/>\nAncho \/ Di\u00e1metro: 1.7 pulg. (4.3 cm)<br \/>\nLongitud interna hueca: 4,1 pulg. (10,4 cm)<br \/>\nDi\u00e1metro interior hueco: 1.7 pulg. (4.3 cm)<br \/>\nCintura Se ajusta a 28 in. (71.1 cm) hasta 52 in. (132.1 cm)<\/p>\n<p>\u2022 \u00a1Disfruta del sexo cara a cara sin interrupciones hasta que ambos alcancen el cl\u00edmax!<br \/>\n\u2022 Las texturas realistas hechas a mano ofrecen sensaciones realistas<br \/>\n\u2022 El arn\u00e9s s\u00faper el\u00e1stico se adapta c\u00f3modamente a todos los tama\u00f1os de hasta 52 \u00bb<br \/>\n\u2022 Los herrajes de metal para trabajos pesados \u200b\u200bmantienen el consolador de manera segura en el lugar<\/p>\n<p>\u2022 Micro-Bullet Within Tip es ultra potente y silencioso<br \/>\n\u2022 Clips remotos para arn\u00e9s para diversi\u00f3n manos libres<\/p>\n","protected":false},"excerpt":{"rendered":"<div class=\"woocommerce-product-details__short-description\">\n<p>Arn\u00e9s vibrador hueco, unisex<\/p>\n[embed]https:\/\/vimeo.com\/167954761[\/embed]\n<\/div>\n","protected":false},"featured_media":649,"comment_status":"open","ping_status":"closed","template":"","meta":[],"product_brand":[],"product_cat":[27],"product_tag":[39],"class_list":{"0":"post-648","1":"product","2":"type-product","3":"status-publish","4":"has-post-thumbnail","6":"product_cat-arneses-strap-on","7":"product_tag-pipedream-products","9":"first","10":"instock","11":"shipping-taxable","12":"purchasable","13":"product-type-simple"},"yoast_head":"<!-- This site is optimized with the Yoast SEO plugin v25.0 - https:\/\/yoast.com\/wordpress\/plugins\/seo\/ -->\n<title>Fetish Fantasy Series 7&quot; Vibrating Hollow Strap-On with Balls - Flesh - Sensexx<\/title>\n<meta name=\"robots\" content=\"index, follow, max-snippet:-1, max-image-preview:large, max-video-preview:-1\" \/>\n<link rel=\"canonical\" href=\"https:\/\/sensexx.mx\/tienda\/producto\/fetish-fantasy-series-7-vibrating-hollow-strap-on-with-balls-flesh\/\" \/>\n<meta property=\"og:locale\" content=\"es_ES\" \/>\n<meta property=\"og:type\" content=\"article\" \/>\n<meta property=\"og:title\" content=\"Fetish Fantasy Series 7&quot; Vibrating Hollow Strap-On with Balls - Flesh - Sensexx\" \/>\n<meta property=\"og:description\" content=\"Arn\u00e9s vibrador hueco, unisex\" \/>\n<meta property=\"og:url\" content=\"https:\/\/sensexx.mx\/tienda\/producto\/fetish-fantasy-series-7-vibrating-hollow-strap-on-with-balls-flesh\/\" \/>\n<meta property=\"og:site_name\" content=\"Sensexx\" \/>\n<meta property=\"article:modified_time\" content=\"2019-06-18T19:38:17+00:00\" \/>\n<meta property=\"og:image\" content=\"https:\/\/sensexx.mx\/tienda\/wp-content\/uploads\/2019\/06\/3376-21_01.jpg\" \/>\n\t<meta property=\"og:image:width\" content=\"1932\" \/>\n\t<meta property=\"og:image:height\" content=\"2500\" \/>\n\t<meta property=\"og:image:type\" content=\"image\/jpeg\" \/>\n<meta name=\"twitter:card\" content=\"summary_large_image\" \/>\n<meta name=\"twitter:label1\" content=\"Tiempo de lectura\" \/>\n\t<meta name=\"twitter:data1\" content=\"2 minutos\" \/>\n<script type=\"application\/ld+json\" class=\"yoast-schema-graph\">{\"@context\":\"https:\/\/schema.org\",\"@graph\":[{\"@type\":\"WebPage\",\"@id\":\"https:\/\/sensexx.mx\/tienda\/producto\/fetish-fantasy-series-7-vibrating-hollow-strap-on-with-balls-flesh\/\",\"url\":\"https:\/\/sensexx.mx\/tienda\/producto\/fetish-fantasy-series-7-vibrating-hollow-strap-on-with-balls-flesh\/\",\"name\":\"Fetish Fantasy Series 7\\\" Vibrating Hollow Strap-On with Balls - Flesh - Sensexx\",\"isPartOf\":{\"@id\":\"https:\/\/sensexx.mx\/tienda\/#website\"},\"primaryImageOfPage\":{\"@id\":\"https:\/\/sensexx.mx\/tienda\/producto\/fetish-fantasy-series-7-vibrating-hollow-strap-on-with-balls-flesh\/#primaryimage\"},\"image\":{\"@id\":\"https:\/\/sensexx.mx\/tienda\/producto\/fetish-fantasy-series-7-vibrating-hollow-strap-on-with-balls-flesh\/#primaryimage\"},\"thumbnailUrl\":\"https:\/\/sensexx.mx\/tienda\/wp-content\/uploads\/2019\/06\/3376-21_01.jpg\",\"datePublished\":\"2019-06-18T19:33:04+00:00\",\"dateModified\":\"2019-06-18T19:38:17+00:00\",\"breadcrumb\":{\"@id\":\"https:\/\/sensexx.mx\/tienda\/producto\/fetish-fantasy-series-7-vibrating-hollow-strap-on-with-balls-flesh\/#breadcrumb\"},\"inLanguage\":\"es\",\"potentialAction\":[{\"@type\":\"ReadAction\",\"target\":[\"https:\/\/sensexx.mx\/tienda\/producto\/fetish-fantasy-series-7-vibrating-hollow-strap-on-with-balls-flesh\/\"]}]},{\"@type\":\"ImageObject\",\"inLanguage\":\"es\",\"@id\":\"https:\/\/sensexx.mx\/tienda\/producto\/fetish-fantasy-series-7-vibrating-hollow-strap-on-with-balls-flesh\/#primaryimage\",\"url\":\"https:\/\/sensexx.mx\/tienda\/wp-content\/uploads\/2019\/06\/3376-21_01.jpg\",\"contentUrl\":\"https:\/\/sensexx.mx\/tienda\/wp-content\/uploads\/2019\/06\/3376-21_01.jpg\",\"width\":1932,\"height\":2500},{\"@type\":\"BreadcrumbList\",\"@id\":\"https:\/\/sensexx.mx\/tienda\/producto\/fetish-fantasy-series-7-vibrating-hollow-strap-on-with-balls-flesh\/#breadcrumb\",\"itemListElement\":[{\"@type\":\"ListItem\",\"position\":1,\"name\":\"Portada\",\"item\":\"https:\/\/sensexx.mx\/tienda\/\"},{\"@type\":\"ListItem\",\"position\":2,\"name\":\"Tienda\",\"item\":\"https:\/\/sensexx.mx\/tienda\/tienda\/\"},{\"@type\":\"ListItem\",\"position\":3,\"name\":\"Fetish Fantasy Series 7&#8243; Vibrating Hollow Strap-On with Balls &#8211; Flesh\"}]},{\"@type\":\"WebSite\",\"@id\":\"https:\/\/sensexx.mx\/tienda\/#website\",\"url\":\"https:\/\/sensexx.mx\/tienda\/\",\"name\":\"Sensexx\",\"description\":\"Importadora y Distribuidora \",\"publisher\":{\"@id\":\"https:\/\/sensexx.mx\/tienda\/#organization\"},\"potentialAction\":[{\"@type\":\"SearchAction\",\"target\":{\"@type\":\"EntryPoint\",\"urlTemplate\":\"https:\/\/sensexx.mx\/tienda\/?s={search_term_string}\"},\"query-input\":{\"@type\":\"PropertyValueSpecification\",\"valueRequired\":true,\"valueName\":\"search_term_string\"}}],\"inLanguage\":\"es\"},{\"@type\":\"Organization\",\"@id\":\"https:\/\/sensexx.mx\/tienda\/#organization\",\"name\":\"Sensexx\",\"url\":\"https:\/\/sensexx.mx\/tienda\/\",\"logo\":{\"@type\":\"ImageObject\",\"inLanguage\":\"es\",\"@id\":\"https:\/\/sensexx.mx\/tienda\/#\/schema\/logo\/image\/\",\"url\":\"https:\/\/sensexx.mx\/tienda\/wp-content\/uploads\/2019\/06\/Logotipo-oficial.png\",\"contentUrl\":\"https:\/\/sensexx.mx\/tienda\/wp-content\/uploads\/2019\/06\/Logotipo-oficial.png\",\"width\":3386,\"height\":1741,\"caption\":\"Sensexx\"},\"image\":{\"@id\":\"https:\/\/sensexx.mx\/tienda\/#\/schema\/logo\/image\/\"}}]}<\/script>\n<!-- \/ Yoast SEO plugin. -->","yoast_head_json":{"title":"Fetish Fantasy Series 7\" Vibrating Hollow Strap-On with Balls - Flesh - Sensexx","robots":{"index":"index","follow":"follow","max-snippet":"max-snippet:-1","max-image-preview":"max-image-preview:large","max-video-preview":"max-video-preview:-1"},"canonical":"https:\/\/sensexx.mx\/tienda\/producto\/fetish-fantasy-series-7-vibrating-hollow-strap-on-with-balls-flesh\/","og_locale":"es_ES","og_type":"article","og_title":"Fetish Fantasy Series 7\" Vibrating Hollow Strap-On with Balls - Flesh - Sensexx","og_description":"Arn\u00e9s vibrador hueco, unisex","og_url":"https:\/\/sensexx.mx\/tienda\/producto\/fetish-fantasy-series-7-vibrating-hollow-strap-on-with-balls-flesh\/","og_site_name":"Sensexx","article_modified_time":"2019-06-18T19:38:17+00:00","og_image":[{"width":1932,"height":2500,"url":"https:\/\/sensexx.mx\/tienda\/wp-content\/uploads\/2019\/06\/3376-21_01.jpg","type":"image\/jpeg"}],"twitter_card":"summary_large_image","twitter_misc":{"Tiempo de lectura":"2 minutos"},"schema":{"@context":"https:\/\/schema.org","@graph":[{"@type":"WebPage","@id":"https:\/\/sensexx.mx\/tienda\/producto\/fetish-fantasy-series-7-vibrating-hollow-strap-on-with-balls-flesh\/","url":"https:\/\/sensexx.mx\/tienda\/producto\/fetish-fantasy-series-7-vibrating-hollow-strap-on-with-balls-flesh\/","name":"Fetish Fantasy Series 7\" Vibrating Hollow Strap-On with Balls - Flesh - Sensexx","isPartOf":{"@id":"https:\/\/sensexx.mx\/tienda\/#website"},"primaryImageOfPage":{"@id":"https:\/\/sensexx.mx\/tienda\/producto\/fetish-fantasy-series-7-vibrating-hollow-strap-on-with-balls-flesh\/#primaryimage"},"image":{"@id":"https:\/\/sensexx.mx\/tienda\/producto\/fetish-fantasy-series-7-vibrating-hollow-strap-on-with-balls-flesh\/#primaryimage"},"thumbnailUrl":"https:\/\/sensexx.mx\/tienda\/wp-content\/uploads\/2019\/06\/3376-21_01.jpg","datePublished":"2019-06-18T19:33:04+00:00","dateModified":"2019-06-18T19:38:17+00:00","breadcrumb":{"@id":"https:\/\/sensexx.mx\/tienda\/producto\/fetish-fantasy-series-7-vibrating-hollow-strap-on-with-balls-flesh\/#breadcrumb"},"inLanguage":"es","potentialAction":[{"@type":"ReadAction","target":["https:\/\/sensexx.mx\/tienda\/producto\/fetish-fantasy-series-7-vibrating-hollow-strap-on-with-balls-flesh\/"]}]},{"@type":"ImageObject","inLanguage":"es","@id":"https:\/\/sensexx.mx\/tienda\/producto\/fetish-fantasy-series-7-vibrating-hollow-strap-on-with-balls-flesh\/#primaryimage","url":"https:\/\/sensexx.mx\/tienda\/wp-content\/uploads\/2019\/06\/3376-21_01.jpg","contentUrl":"https:\/\/sensexx.mx\/tienda\/wp-content\/uploads\/2019\/06\/3376-21_01.jpg","width":1932,"height":2500},{"@type":"BreadcrumbList","@id":"https:\/\/sensexx.mx\/tienda\/producto\/fetish-fantasy-series-7-vibrating-hollow-strap-on-with-balls-flesh\/#breadcrumb","itemListElement":[{"@type":"ListItem","position":1,"name":"Portada","item":"https:\/\/sensexx.mx\/tienda\/"},{"@type":"ListItem","position":2,"name":"Tienda","item":"https:\/\/sensexx.mx\/tienda\/tienda\/"},{"@type":"ListItem","position":3,"name":"Fetish Fantasy Series 7&#8243; Vibrating Hollow Strap-On with Balls &#8211; Flesh"}]},{"@type":"WebSite","@id":"https:\/\/sensexx.mx\/tienda\/#website","url":"https:\/\/sensexx.mx\/tienda\/","name":"Sensexx","description":"Importadora y Distribuidora ","publisher":{"@id":"https:\/\/sensexx.mx\/tienda\/#organization"},"potentialAction":[{"@type":"SearchAction","target":{"@type":"EntryPoint","urlTemplate":"https:\/\/sensexx.mx\/tienda\/?s={search_term_string}"},"query-input":{"@type":"PropertyValueSpecification","valueRequired":true,"valueName":"search_term_string"}}],"inLanguage":"es"},{"@type":"Organization","@id":"https:\/\/sensexx.mx\/tienda\/#organization","name":"Sensexx","url":"https:\/\/sensexx.mx\/tienda\/","logo":{"@type":"ImageObject","inLanguage":"es","@id":"https:\/\/sensexx.mx\/tienda\/#\/schema\/logo\/image\/","url":"https:\/\/sensexx.mx\/tienda\/wp-content\/uploads\/2019\/06\/Logotipo-oficial.png","contentUrl":"https:\/\/sensexx.mx\/tienda\/wp-content\/uploads\/2019\/06\/Logotipo-oficial.png","width":3386,"height":1741,"caption":"Sensexx"},"image":{"@id":"https:\/\/sensexx.mx\/tienda\/#\/schema\/logo\/image\/"}}]}},"jetpack_sharing_enabled":true,"_links":{"self":[{"href":"https:\/\/sensexx.mx\/tienda\/wp-json\/wp\/v2\/product\/648","targetHints":{"allow":["GET"]}}],"collection":[{"href":"https:\/\/sensexx.mx\/tienda\/wp-json\/wp\/v2\/product"}],"about":[{"href":"https:\/\/sensexx.mx\/tienda\/wp-json\/wp\/v2\/types\/product"}],"replies":[{"embeddable":true,"href":"https:\/\/sensexx.mx\/tienda\/wp-json\/wp\/v2\/comments?post=648"}],"wp:featuredmedia":[{"embeddable":true,"href":"https:\/\/sensexx.mx\/tienda\/wp-json\/wp\/v2\/media\/649"}],"wp:attachment":[{"href":"https:\/\/sensexx.mx\/tienda\/wp-json\/wp\/v2\/media?parent=648"}],"wp:term":[{"taxonomy":"product_brand","embeddable":true,"href":"https:\/\/sensexx.mx\/tienda\/wp-json\/wp\/v2\/product_brand?post=648"},{"taxonomy":"product_cat","embeddable":true,"href":"https:\/\/sensexx.mx\/tienda\/wp-json\/wp\/v2\/product_cat?post=648"},{"taxonomy":"product_tag","embeddable":true,"href":"https:\/\/sensexx.mx\/tienda\/wp-json\/wp\/v2\/product_tag?post=648"}],"curies":[{"name":"wp","href":"https:\/\/api.w.org\/{rel}","templated":true}]}}